
{"id":10278,"date":"2016-08-19T23:41:28","date_gmt":"2016-08-20T02:41:28","guid":{"rendered":"http:\/\/qa.ocupacao.itau.nuova2.com\/ocupacao\/paulo-leminski\/oraculo\/"},"modified":"2023-11-06T17:16:24","modified_gmt":"2023-11-06T20:16:24","slug":"oraculo","status":"publish","type":"page","link":"https:\/\/www.itaucultural.org.br\/ocupacao\/paulo-leminski\/oraculo\/","title":{"rendered":"Or\u00e1culo"},"content":{"rendered":"","protected":false},"excerpt":{"rendered":"","protected":false},"author":1,"featured_media":0,"parent":10247,"menu_order":3,"comment_status":"closed","ping_status":"closed","template":"","meta":{"footnotes":""},"class_list":["post-10278","page","type-page","status-publish","hentry","temas-poesia","areas-literatura"],"yoast_head":"<!-- This site is optimized with the Yoast SEO plugin v27.4 - https:\/\/yoast.com\/product\/yoast-seo-wordpress\/ -->\n<title>Or\u00e1culo - Ocupa\u00e7\u00e3o<\/title>\n<meta name=\"robots\" content=\"index, follow, max-snippet:-1, max-image-preview:large, max-video-preview:-1\" \/>\n<link rel=\"canonical\" href=\"https:\/\/www.itaucultural.org.br\/ocupacao\/paulo-leminski\/oraculo\/\" \/>\n<meta property=\"og:locale\" content=\"pt_BR\" \/>\n<meta property=\"og:type\" content=\"article\" \/>\n<meta property=\"og:title\" content=\"Or\u00e1culo - Ocupa\u00e7\u00e3o\" \/>\n<meta property=\"og:url\" content=\"https:\/\/www.itaucultural.org.br\/ocupacao\/paulo-leminski\/oraculo\/\" \/>\n<meta property=\"og:site_name\" content=\"Ocupa\u00e7\u00e3o\" \/>\n<meta property=\"article:modified_time\" content=\"2023-11-06T20:16:24+00:00\" \/>\n<meta name=\"twitter:card\" content=\"summary_large_image\" \/>\n<script type=\"application\/ld+json\" class=\"yoast-schema-graph\">{\"@context\":\"https:\\\/\\\/schema.org\",\"@graph\":[{\"@type\":\"WebPage\",\"@id\":\"https:\\\/\\\/www.itaucultural.org.br\\\/ocupacao\\\/paulo-leminski\\\/oraculo\\\/\",\"url\":\"https:\\\/\\\/www.itaucultural.org.br\\\/ocupacao\\\/paulo-leminski\\\/oraculo\\\/\",\"name\":\"Or\u00e1culo - Ocupa\u00e7\u00e3o\",\"isPartOf\":{\"@id\":\"https:\\\/\\\/www.itaucultural.org.br\\\/ocupacao\\\/en\\\/#website\"},\"datePublished\":\"2016-08-20T02:41:28+00:00\",\"dateModified\":\"2023-11-06T20:16:24+00:00\",\"breadcrumb\":{\"@id\":\"https:\\\/\\\/www.itaucultural.org.br\\\/ocupacao\\\/paulo-leminski\\\/oraculo\\\/#breadcrumb\"},\"inLanguage\":\"pt-BR\",\"potentialAction\":[{\"@type\":\"ReadAction\",\"target\":[\"https:\\\/\\\/www.itaucultural.org.br\\\/ocupacao\\\/paulo-leminski\\\/oraculo\\\/\"]}]},{\"@type\":\"BreadcrumbList\",\"@id\":\"https:\\\/\\\/www.itaucultural.org.br\\\/ocupacao\\\/paulo-leminski\\\/oraculo\\\/#breadcrumb\",\"itemListElement\":[{\"@type\":\"ListItem\",\"position\":1,\"name\":\"In\u00edcio\",\"item\":\"https:\\\/\\\/www.itaucultural.org.br\\\/ocupacao\\\/en\\\/\"},{\"@type\":\"ListItem\",\"position\":2,\"name\":\"Paulo Leminski\",\"item\":\"https:\\\/\\\/ocupacao.icnetworks.org\\\/ocupacao\\\/paulo-leminski\\\/\"},{\"@type\":\"ListItem\",\"position\":3,\"name\":\"Or\u00e1culo\"}]},{\"@type\":\"WebSite\",\"@id\":\"https:\\\/\\\/www.itaucultural.org.br\\\/ocupacao\\\/en\\\/#website\",\"url\":\"https:\\\/\\\/www.itaucultural.org.br\\\/ocupacao\\\/en\\\/\",\"name\":\"Ocupa\u00e7\u00e3o\",\"description\":\"S\u00f3 mais um site WordPress\",\"potentialAction\":[{\"@type\":\"SearchAction\",\"target\":{\"@type\":\"EntryPoint\",\"urlTemplate\":\"https:\\\/\\\/www.itaucultural.org.br\\\/ocupacao\\\/en\\\/?s={search_term_string}\"},\"query-input\":{\"@type\":\"PropertyValueSpecification\",\"valueRequired\":true,\"valueName\":\"search_term_string\"}}],\"inLanguage\":\"pt-BR\"}]}<\/script>\n<!-- \/ Yoast SEO plugin. -->","yoast_head_json":{"title":"Or\u00e1culo - Ocupa\u00e7\u00e3o","robots":{"index":"index","follow":"follow","max-snippet":"max-snippet:-1","max-image-preview":"max-image-preview:large","max-video-preview":"max-video-preview:-1"},"canonical":"https:\/\/www.itaucultural.org.br\/ocupacao\/paulo-leminski\/oraculo\/","og_locale":"pt_BR","og_type":"article","og_title":"Or\u00e1culo - Ocupa\u00e7\u00e3o","og_url":"https:\/\/www.itaucultural.org.br\/ocupacao\/paulo-leminski\/oraculo\/","og_site_name":"Ocupa\u00e7\u00e3o","article_modified_time":"2023-11-06T20:16:24+00:00","twitter_card":"summary_large_image","schema":{"@context":"https:\/\/schema.org","@graph":[{"@type":"WebPage","@id":"https:\/\/www.itaucultural.org.br\/ocupacao\/paulo-leminski\/oraculo\/","url":"https:\/\/www.itaucultural.org.br\/ocupacao\/paulo-leminski\/oraculo\/","name":"Or\u00e1culo - Ocupa\u00e7\u00e3o","isPartOf":{"@id":"https:\/\/www.itaucultural.org.br\/ocupacao\/en\/#website"},"datePublished":"2016-08-20T02:41:28+00:00","dateModified":"2023-11-06T20:16:24+00:00","breadcrumb":{"@id":"https:\/\/www.itaucultural.org.br\/ocupacao\/paulo-leminski\/oraculo\/#breadcrumb"},"inLanguage":"pt-BR","potentialAction":[{"@type":"ReadAction","target":["https:\/\/www.itaucultural.org.br\/ocupacao\/paulo-leminski\/oraculo\/"]}]},{"@type":"BreadcrumbList","@id":"https:\/\/www.itaucultural.org.br\/ocupacao\/paulo-leminski\/oraculo\/#breadcrumb","itemListElement":[{"@type":"ListItem","position":1,"name":"In\u00edcio","item":"https:\/\/www.itaucultural.org.br\/ocupacao\/en\/"},{"@type":"ListItem","position":2,"name":"Paulo Leminski","item":"https:\/\/ocupacao.icnetworks.org\/ocupacao\/paulo-leminski\/"},{"@type":"ListItem","position":3,"name":"Or\u00e1culo"}]},{"@type":"WebSite","@id":"https:\/\/www.itaucultural.org.br\/ocupacao\/en\/#website","url":"https:\/\/www.itaucultural.org.br\/ocupacao\/en\/","name":"Ocupa\u00e7\u00e3o","description":"S\u00f3 mais um site WordPress","potentialAction":[{"@type":"SearchAction","target":{"@type":"EntryPoint","urlTemplate":"https:\/\/www.itaucultural.org.br\/ocupacao\/en\/?s={search_term_string}"},"query-input":{"@type":"PropertyValueSpecification","valueRequired":true,"valueName":"search_term_string"}}],"inLanguage":"pt-BR"}]}},"_links":{"self":[{"href":"https:\/\/www.itaucultural.org.br\/ocupacao\/wp-json\/wp\/v2\/pages\/10278","targetHints":{"allow":["GET"]}}],"collection":[{"href":"https:\/\/www.itaucultural.org.br\/ocupacao\/wp-json\/wp\/v2\/pages"}],"about":[{"href":"https:\/\/www.itaucultural.org.br\/ocupacao\/wp-json\/wp\/v2\/types\/page"}],"author":[{"embeddable":true,"href":"https:\/\/www.itaucultural.org.br\/ocupacao\/wp-json\/wp\/v2\/users\/1"}],"replies":[{"embeddable":true,"href":"https:\/\/www.itaucultural.org.br\/ocupacao\/wp-json\/wp\/v2\/comments?post=10278"}],"version-history":[{"count":7,"href":"https:\/\/www.itaucultural.org.br\/ocupacao\/wp-json\/wp\/v2\/pages\/10278\/revisions"}],"predecessor-version":[{"id":20326,"href":"https:\/\/www.itaucultural.org.br\/ocupacao\/wp-json\/wp\/v2\/pages\/10278\/revisions\/20326"}],"up":[{"embeddable":true,"href":"https:\/\/www.itaucultural.org.br\/ocupacao\/wp-json\/wp\/v2\/pages\/10247"}],"wp:attachment":[{"href":"https:\/\/www.itaucultural.org.br\/ocupacao\/wp-json\/wp\/v2\/media?parent=10278"}],"curies":[{"name":"wp","href":"https:\/\/api.w.org\/{rel}","templated":true}]}}