
{"id":10288,"date":"2016-08-19T23:42:05","date_gmt":"2016-08-20T02:42:05","guid":{"rendered":"http:\/\/qa.ocupacao.itau.nuova2.com\/ocupacao\/paulo-leminski\/ambiente-de-trabalho\/"},"modified":"2023-11-06T17:18:54","modified_gmt":"2023-11-06T20:18:54","slug":"ambiente-de-trabalho","status":"publish","type":"page","link":"https:\/\/www.itaucultural.org.br\/ocupacao\/paulo-leminski\/ambiente-de-trabalho\/","title":{"rendered":"Ambiente de Trabalho"},"content":{"rendered":"","protected":false},"excerpt":{"rendered":"","protected":false},"author":1,"featured_media":10294,"parent":10247,"menu_order":5,"comment_status":"closed","ping_status":"closed","template":"","meta":{"footnotes":""},"class_list":["post-10288","page","type-page","status-publish","has-post-thumbnail","hentry","temas-poesia","areas-literatura"],"yoast_head":"<!-- This site is optimized with the Yoast SEO plugin v27.4 - https:\/\/yoast.com\/product\/yoast-seo-wordpress\/ -->\n<title>Ambiente de Trabalho - Ocupa\u00e7\u00e3o<\/title>\n<meta name=\"robots\" content=\"index, follow, max-snippet:-1, max-image-preview:large, max-video-preview:-1\" \/>\n<link rel=\"canonical\" href=\"https:\/\/ocupacao.icnetworks.org\/ocupacao\/paulo-leminski\/ambiente-de-trabalho\/\" \/>\n<meta property=\"og:locale\" content=\"pt_BR\" \/>\n<meta property=\"og:type\" content=\"article\" \/>\n<meta property=\"og:title\" content=\"Ambiente de Trabalho - Ocupa\u00e7\u00e3o\" \/>\n<meta property=\"og:url\" content=\"https:\/\/ocupacao.icnetworks.org\/ocupacao\/paulo-leminski\/ambiente-de-trabalho\/\" \/>\n<meta property=\"og:site_name\" content=\"Ocupa\u00e7\u00e3o\" \/>\n<meta property=\"article:modified_time\" content=\"2023-11-06T20:18:54+00:00\" \/>\n<meta property=\"og:image\" content=\"https:\/\/ocupacao.icnetworks.org\/ocupacao\/wp-content\/uploads\/2012\/09\/trabalho_maos1_B.jpg\" \/>\n\t<meta property=\"og:image:width\" content=\"823\" \/>\n\t<meta property=\"og:image:height\" content=\"543\" \/>\n\t<meta property=\"og:image:type\" content=\"image\/jpeg\" \/>\n<meta name=\"twitter:card\" content=\"summary_large_image\" \/>\n<script type=\"application\/ld+json\" class=\"yoast-schema-graph\">{\"@context\":\"https:\\\/\\\/schema.org\",\"@graph\":[{\"@type\":\"WebPage\",\"@id\":\"https:\\\/\\\/ocupacao.icnetworks.org\\\/ocupacao\\\/paulo-leminski\\\/ambiente-de-trabalho\\\/\",\"url\":\"https:\\\/\\\/ocupacao.icnetworks.org\\\/ocupacao\\\/paulo-leminski\\\/ambiente-de-trabalho\\\/\",\"name\":\"Ambiente de Trabalho - Ocupa\u00e7\u00e3o\",\"isPartOf\":{\"@id\":\"https:\\\/\\\/www.itaucultural.org.br\\\/ocupacao\\\/en\\\/#website\"},\"primaryImageOfPage\":{\"@id\":\"https:\\\/\\\/ocupacao.icnetworks.org\\\/ocupacao\\\/paulo-leminski\\\/ambiente-de-trabalho\\\/#primaryimage\"},\"image\":{\"@id\":\"https:\\\/\\\/ocupacao.icnetworks.org\\\/ocupacao\\\/paulo-leminski\\\/ambiente-de-trabalho\\\/#primaryimage\"},\"thumbnailUrl\":\"https:\\\/\\\/www.itaucultural.org.br\\\/ocupacao\\\/wp-content\\\/uploads\\\/2012\\\/09\\\/trabalho_maos1_B.jpg\",\"datePublished\":\"2016-08-20T02:42:05+00:00\",\"dateModified\":\"2023-11-06T20:18:54+00:00\",\"breadcrumb\":{\"@id\":\"https:\\\/\\\/ocupacao.icnetworks.org\\\/ocupacao\\\/paulo-leminski\\\/ambiente-de-trabalho\\\/#breadcrumb\"},\"inLanguage\":\"pt-BR\",\"potentialAction\":[{\"@type\":\"ReadAction\",\"target\":[\"https:\\\/\\\/ocupacao.icnetworks.org\\\/ocupacao\\\/paulo-leminski\\\/ambiente-de-trabalho\\\/\"]}]},{\"@type\":\"ImageObject\",\"inLanguage\":\"pt-BR\",\"@id\":\"https:\\\/\\\/ocupacao.icnetworks.org\\\/ocupacao\\\/paulo-leminski\\\/ambiente-de-trabalho\\\/#primaryimage\",\"url\":\"https:\\\/\\\/www.itaucultural.org.br\\\/ocupacao\\\/wp-content\\\/uploads\\\/2012\\\/09\\\/trabalho_maos1_B.jpg\",\"contentUrl\":\"https:\\\/\\\/www.itaucultural.org.br\\\/ocupacao\\\/wp-content\\\/uploads\\\/2012\\\/09\\\/trabalho_maos1_B.jpg\",\"width\":823,\"height\":543},{\"@type\":\"BreadcrumbList\",\"@id\":\"https:\\\/\\\/ocupacao.icnetworks.org\\\/ocupacao\\\/paulo-leminski\\\/ambiente-de-trabalho\\\/#breadcrumb\",\"itemListElement\":[{\"@type\":\"ListItem\",\"position\":1,\"name\":\"In\u00edcio\",\"item\":\"https:\\\/\\\/www.itaucultural.org.br\\\/ocupacao\\\/en\\\/\"},{\"@type\":\"ListItem\",\"position\":2,\"name\":\"Paulo Leminski\",\"item\":\"https:\\\/\\\/ocupacao.icnetworks.org\\\/ocupacao\\\/paulo-leminski\\\/\"},{\"@type\":\"ListItem\",\"position\":3,\"name\":\"Ambiente de Trabalho\"}]},{\"@type\":\"WebSite\",\"@id\":\"https:\\\/\\\/www.itaucultural.org.br\\\/ocupacao\\\/en\\\/#website\",\"url\":\"https:\\\/\\\/www.itaucultural.org.br\\\/ocupacao\\\/en\\\/\",\"name\":\"Ocupa\u00e7\u00e3o\",\"description\":\"S\u00f3 mais um site WordPress\",\"potentialAction\":[{\"@type\":\"SearchAction\",\"target\":{\"@type\":\"EntryPoint\",\"urlTemplate\":\"https:\\\/\\\/www.itaucultural.org.br\\\/ocupacao\\\/en\\\/?s={search_term_string}\"},\"query-input\":{\"@type\":\"PropertyValueSpecification\",\"valueRequired\":true,\"valueName\":\"search_term_string\"}}],\"inLanguage\":\"pt-BR\"}]}<\/script>\n<!-- \/ Yoast SEO plugin. -->","yoast_head_json":{"title":"Ambiente de Trabalho - Ocupa\u00e7\u00e3o","robots":{"index":"index","follow":"follow","max-snippet":"max-snippet:-1","max-image-preview":"max-image-preview:large","max-video-preview":"max-video-preview:-1"},"canonical":"https:\/\/ocupacao.icnetworks.org\/ocupacao\/paulo-leminski\/ambiente-de-trabalho\/","og_locale":"pt_BR","og_type":"article","og_title":"Ambiente de Trabalho - Ocupa\u00e7\u00e3o","og_url":"https:\/\/ocupacao.icnetworks.org\/ocupacao\/paulo-leminski\/ambiente-de-trabalho\/","og_site_name":"Ocupa\u00e7\u00e3o","article_modified_time":"2023-11-06T20:18:54+00:00","og_image":[{"width":823,"height":543,"url":"https:\/\/ocupacao.icnetworks.org\/ocupacao\/wp-content\/uploads\/2012\/09\/trabalho_maos1_B.jpg","type":"image\/jpeg"}],"twitter_card":"summary_large_image","schema":{"@context":"https:\/\/schema.org","@graph":[{"@type":"WebPage","@id":"https:\/\/ocupacao.icnetworks.org\/ocupacao\/paulo-leminski\/ambiente-de-trabalho\/","url":"https:\/\/ocupacao.icnetworks.org\/ocupacao\/paulo-leminski\/ambiente-de-trabalho\/","name":"Ambiente de Trabalho - Ocupa\u00e7\u00e3o","isPartOf":{"@id":"https:\/\/www.itaucultural.org.br\/ocupacao\/en\/#website"},"primaryImageOfPage":{"@id":"https:\/\/ocupacao.icnetworks.org\/ocupacao\/paulo-leminski\/ambiente-de-trabalho\/#primaryimage"},"image":{"@id":"https:\/\/ocupacao.icnetworks.org\/ocupacao\/paulo-leminski\/ambiente-de-trabalho\/#primaryimage"},"thumbnailUrl":"https:\/\/www.itaucultural.org.br\/ocupacao\/wp-content\/uploads\/2012\/09\/trabalho_maos1_B.jpg","datePublished":"2016-08-20T02:42:05+00:00","dateModified":"2023-11-06T20:18:54+00:00","breadcrumb":{"@id":"https:\/\/ocupacao.icnetworks.org\/ocupacao\/paulo-leminski\/ambiente-de-trabalho\/#breadcrumb"},"inLanguage":"pt-BR","potentialAction":[{"@type":"ReadAction","target":["https:\/\/ocupacao.icnetworks.org\/ocupacao\/paulo-leminski\/ambiente-de-trabalho\/"]}]},{"@type":"ImageObject","inLanguage":"pt-BR","@id":"https:\/\/ocupacao.icnetworks.org\/ocupacao\/paulo-leminski\/ambiente-de-trabalho\/#primaryimage","url":"https:\/\/www.itaucultural.org.br\/ocupacao\/wp-content\/uploads\/2012\/09\/trabalho_maos1_B.jpg","contentUrl":"https:\/\/www.itaucultural.org.br\/ocupacao\/wp-content\/uploads\/2012\/09\/trabalho_maos1_B.jpg","width":823,"height":543},{"@type":"BreadcrumbList","@id":"https:\/\/ocupacao.icnetworks.org\/ocupacao\/paulo-leminski\/ambiente-de-trabalho\/#breadcrumb","itemListElement":[{"@type":"ListItem","position":1,"name":"In\u00edcio","item":"https:\/\/www.itaucultural.org.br\/ocupacao\/en\/"},{"@type":"ListItem","position":2,"name":"Paulo Leminski","item":"https:\/\/ocupacao.icnetworks.org\/ocupacao\/paulo-leminski\/"},{"@type":"ListItem","position":3,"name":"Ambiente de Trabalho"}]},{"@type":"WebSite","@id":"https:\/\/www.itaucultural.org.br\/ocupacao\/en\/#website","url":"https:\/\/www.itaucultural.org.br\/ocupacao\/en\/","name":"Ocupa\u00e7\u00e3o","description":"S\u00f3 mais um site WordPress","potentialAction":[{"@type":"SearchAction","target":{"@type":"EntryPoint","urlTemplate":"https:\/\/www.itaucultural.org.br\/ocupacao\/en\/?s={search_term_string}"},"query-input":{"@type":"PropertyValueSpecification","valueRequired":true,"valueName":"search_term_string"}}],"inLanguage":"pt-BR"}]}},"_links":{"self":[{"href":"https:\/\/www.itaucultural.org.br\/ocupacao\/wp-json\/wp\/v2\/pages\/10288","targetHints":{"allow":["GET"]}}],"collection":[{"href":"https:\/\/www.itaucultural.org.br\/ocupacao\/wp-json\/wp\/v2\/pages"}],"about":[{"href":"https:\/\/www.itaucultural.org.br\/ocupacao\/wp-json\/wp\/v2\/types\/page"}],"author":[{"embeddable":true,"href":"https:\/\/www.itaucultural.org.br\/ocupacao\/wp-json\/wp\/v2\/users\/1"}],"replies":[{"embeddable":true,"href":"https:\/\/www.itaucultural.org.br\/ocupacao\/wp-json\/wp\/v2\/comments?post=10288"}],"version-history":[{"count":3,"href":"https:\/\/www.itaucultural.org.br\/ocupacao\/wp-json\/wp\/v2\/pages\/10288\/revisions"}],"predecessor-version":[{"id":20328,"href":"https:\/\/www.itaucultural.org.br\/ocupacao\/wp-json\/wp\/v2\/pages\/10288\/revisions\/20328"}],"up":[{"embeddable":true,"href":"https:\/\/www.itaucultural.org.br\/ocupacao\/wp-json\/wp\/v2\/pages\/10247"}],"wp:featuredmedia":[{"embeddable":true,"href":"https:\/\/www.itaucultural.org.br\/ocupacao\/wp-json\/wp\/v2\/media\/10294"}],"wp:attachment":[{"href":"https:\/\/www.itaucultural.org.br\/ocupacao\/wp-json\/wp\/v2\/media?parent=10288"}],"curies":[{"name":"wp","href":"https:\/\/api.w.org\/{rel}","templated":true}]}}