
{"id":10450,"date":"2016-08-19T23:54:33","date_gmt":"2016-08-20T02:54:33","guid":{"rendered":"http:\/\/qa.ocupacao.itau.nuova2.com\/ocupacao\/nelson-leirner\/videos\/"},"modified":"2021-12-09T23:42:54","modified_gmt":"2021-12-10T02:42:54","slug":"videos","status":"publish","type":"page","link":"https:\/\/www.itaucultural.org.br\/ocupacao\/nelson-leirner\/videos\/","title":{"rendered":"V\u00eddeos"},"content":{"rendered":"","protected":false},"excerpt":{"rendered":"","protected":false},"author":1,"featured_media":0,"parent":10420,"menu_order":3,"comment_status":"closed","ping_status":"closed","template":"","meta":{"footnotes":""},"class_list":["post-10450","page","type-page","status-publish","hentry","temas-arte-contemporanea","areas-artes-visuais"],"yoast_head":"<!-- This site is optimized with the Yoast SEO plugin v27.3 - https:\/\/yoast.com\/product\/yoast-seo-wordpress\/ -->\n<title>V\u00eddeos - Ocupa\u00e7\u00e3o Nelson Leirner<\/title>\n<meta name=\"description\" content=\"Nelson Leirner foi professor na FAAP, tendo exercido papel importante na forma\u00e7\u00e3o de toda uma gera\u00e7\u00e3o. Confira os depoimentos do seu legado.\" \/>\n<meta name=\"robots\" content=\"index, follow, max-snippet:-1, max-image-preview:large, max-video-preview:-1\" \/>\n<link rel=\"canonical\" href=\"https:\/\/www.itaucultural.org.br\/ocupacao\/nelson-leirner\/videos\/\" \/>\n<meta property=\"og:locale\" content=\"pt_BR\" \/>\n<meta property=\"og:type\" content=\"article\" \/>\n<meta property=\"og:title\" content=\"V\u00eddeos - Ocupa\u00e7\u00e3o Nelson Leirner\" \/>\n<meta property=\"og:description\" content=\"Nelson Leirner foi professor na FAAP, tendo exercido papel importante na forma\u00e7\u00e3o de toda uma gera\u00e7\u00e3o. Confira os depoimentos do seu legado.\" \/>\n<meta property=\"og:url\" content=\"https:\/\/www.itaucultural.org.br\/ocupacao\/nelson-leirner\/videos\/\" \/>\n<meta property=\"og:site_name\" content=\"Ocupa\u00e7\u00e3o\" \/>\n<meta property=\"article:modified_time\" content=\"2021-12-10T02:42:54+00:00\" \/>\n<meta name=\"twitter:card\" content=\"summary_large_image\" \/>\n<script type=\"application\/ld+json\" class=\"yoast-schema-graph\">{\"@context\":\"https:\\\/\\\/schema.org\",\"@graph\":[{\"@type\":\"WebPage\",\"@id\":\"https:\\\/\\\/www.itaucultural.org.br\\\/ocupacao\\\/nelson-leirner\\\/videos\\\/\",\"url\":\"https:\\\/\\\/www.itaucultural.org.br\\\/ocupacao\\\/nelson-leirner\\\/videos\\\/\",\"name\":\"V\u00eddeos - Ocupa\u00e7\u00e3o Nelson Leirner\",\"isPartOf\":{\"@id\":\"https:\\\/\\\/www.itaucultural.org.br\\\/ocupacao\\\/en\\\/#website\"},\"datePublished\":\"2016-08-20T02:54:33+00:00\",\"dateModified\":\"2021-12-10T02:42:54+00:00\",\"description\":\"Nelson Leirner foi professor na FAAP, tendo exercido papel importante na forma\u00e7\u00e3o de toda uma gera\u00e7\u00e3o. Confira os depoimentos do seu legado.\",\"breadcrumb\":{\"@id\":\"https:\\\/\\\/www.itaucultural.org.br\\\/ocupacao\\\/nelson-leirner\\\/videos\\\/#breadcrumb\"},\"inLanguage\":\"pt-BR\",\"potentialAction\":[{\"@type\":\"ReadAction\",\"target\":[\"https:\\\/\\\/www.itaucultural.org.br\\\/ocupacao\\\/nelson-leirner\\\/videos\\\/\"]}]},{\"@type\":\"BreadcrumbList\",\"@id\":\"https:\\\/\\\/www.itaucultural.org.br\\\/ocupacao\\\/nelson-leirner\\\/videos\\\/#breadcrumb\",\"itemListElement\":[{\"@type\":\"ListItem\",\"position\":1,\"name\":\"In\u00edcio\",\"item\":\"https:\\\/\\\/www.itaucultural.org.br\\\/ocupacao\\\/en\\\/\"},{\"@type\":\"ListItem\",\"position\":2,\"name\":\"Nelson Leirner\",\"item\":\"https:\\\/\\\/ocupacao.icnetworks.org\\\/ocupacao\\\/nelson-leirner\\\/\"},{\"@type\":\"ListItem\",\"position\":3,\"name\":\"V\u00eddeos\"}]},{\"@type\":\"WebSite\",\"@id\":\"https:\\\/\\\/www.itaucultural.org.br\\\/ocupacao\\\/en\\\/#website\",\"url\":\"https:\\\/\\\/www.itaucultural.org.br\\\/ocupacao\\\/en\\\/\",\"name\":\"Ocupa\u00e7\u00e3o\",\"description\":\"S\u00f3 mais um site WordPress\",\"potentialAction\":[{\"@type\":\"SearchAction\",\"target\":{\"@type\":\"EntryPoint\",\"urlTemplate\":\"https:\\\/\\\/www.itaucultural.org.br\\\/ocupacao\\\/en\\\/?s={search_term_string}\"},\"query-input\":{\"@type\":\"PropertyValueSpecification\",\"valueRequired\":true,\"valueName\":\"search_term_string\"}}],\"inLanguage\":\"pt-BR\"}]}<\/script>\n<!-- \/ Yoast SEO plugin. -->","yoast_head_json":{"title":"V\u00eddeos - Ocupa\u00e7\u00e3o Nelson Leirner","description":"Nelson Leirner foi professor na FAAP, tendo exercido papel importante na forma\u00e7\u00e3o de toda uma gera\u00e7\u00e3o. Confira os depoimentos do seu legado.","robots":{"index":"index","follow":"follow","max-snippet":"max-snippet:-1","max-image-preview":"max-image-preview:large","max-video-preview":"max-video-preview:-1"},"canonical":"https:\/\/www.itaucultural.org.br\/ocupacao\/nelson-leirner\/videos\/","og_locale":"pt_BR","og_type":"article","og_title":"V\u00eddeos - Ocupa\u00e7\u00e3o Nelson Leirner","og_description":"Nelson Leirner foi professor na FAAP, tendo exercido papel importante na forma\u00e7\u00e3o de toda uma gera\u00e7\u00e3o. Confira os depoimentos do seu legado.","og_url":"https:\/\/www.itaucultural.org.br\/ocupacao\/nelson-leirner\/videos\/","og_site_name":"Ocupa\u00e7\u00e3o","article_modified_time":"2021-12-10T02:42:54+00:00","twitter_card":"summary_large_image","schema":{"@context":"https:\/\/schema.org","@graph":[{"@type":"WebPage","@id":"https:\/\/www.itaucultural.org.br\/ocupacao\/nelson-leirner\/videos\/","url":"https:\/\/www.itaucultural.org.br\/ocupacao\/nelson-leirner\/videos\/","name":"V\u00eddeos - Ocupa\u00e7\u00e3o Nelson Leirner","isPartOf":{"@id":"https:\/\/www.itaucultural.org.br\/ocupacao\/en\/#website"},"datePublished":"2016-08-20T02:54:33+00:00","dateModified":"2021-12-10T02:42:54+00:00","description":"Nelson Leirner foi professor na FAAP, tendo exercido papel importante na forma\u00e7\u00e3o de toda uma gera\u00e7\u00e3o. Confira os depoimentos do seu legado.","breadcrumb":{"@id":"https:\/\/www.itaucultural.org.br\/ocupacao\/nelson-leirner\/videos\/#breadcrumb"},"inLanguage":"pt-BR","potentialAction":[{"@type":"ReadAction","target":["https:\/\/www.itaucultural.org.br\/ocupacao\/nelson-leirner\/videos\/"]}]},{"@type":"BreadcrumbList","@id":"https:\/\/www.itaucultural.org.br\/ocupacao\/nelson-leirner\/videos\/#breadcrumb","itemListElement":[{"@type":"ListItem","position":1,"name":"In\u00edcio","item":"https:\/\/www.itaucultural.org.br\/ocupacao\/en\/"},{"@type":"ListItem","position":2,"name":"Nelson Leirner","item":"https:\/\/ocupacao.icnetworks.org\/ocupacao\/nelson-leirner\/"},{"@type":"ListItem","position":3,"name":"V\u00eddeos"}]},{"@type":"WebSite","@id":"https:\/\/www.itaucultural.org.br\/ocupacao\/en\/#website","url":"https:\/\/www.itaucultural.org.br\/ocupacao\/en\/","name":"Ocupa\u00e7\u00e3o","description":"S\u00f3 mais um site WordPress","potentialAction":[{"@type":"SearchAction","target":{"@type":"EntryPoint","urlTemplate":"https:\/\/www.itaucultural.org.br\/ocupacao\/en\/?s={search_term_string}"},"query-input":{"@type":"PropertyValueSpecification","valueRequired":true,"valueName":"search_term_string"}}],"inLanguage":"pt-BR"}]}},"_links":{"self":[{"href":"https:\/\/www.itaucultural.org.br\/ocupacao\/wp-json\/wp\/v2\/pages\/10450","targetHints":{"allow":["GET"]}}],"collection":[{"href":"https:\/\/www.itaucultural.org.br\/ocupacao\/wp-json\/wp\/v2\/pages"}],"about":[{"href":"https:\/\/www.itaucultural.org.br\/ocupacao\/wp-json\/wp\/v2\/types\/page"}],"author":[{"embeddable":true,"href":"https:\/\/www.itaucultural.org.br\/ocupacao\/wp-json\/wp\/v2\/users\/1"}],"replies":[{"embeddable":true,"href":"https:\/\/www.itaucultural.org.br\/ocupacao\/wp-json\/wp\/v2\/comments?post=10450"}],"version-history":[{"count":5,"href":"https:\/\/www.itaucultural.org.br\/ocupacao\/wp-json\/wp\/v2\/pages\/10450\/revisions"}],"predecessor-version":[{"id":15940,"href":"https:\/\/www.itaucultural.org.br\/ocupacao\/wp-json\/wp\/v2\/pages\/10450\/revisions\/15940"}],"up":[{"embeddable":true,"href":"https:\/\/www.itaucultural.org.br\/ocupacao\/wp-json\/wp\/v2\/pages\/10420"}],"wp:attachment":[{"href":"https:\/\/www.itaucultural.org.br\/ocupacao\/wp-json\/wp\/v2\/media?parent=10450"}],"curies":[{"name":"wp","href":"https:\/\/api.w.org\/{rel}","templated":true}]}}