
{"id":11494,"date":"2016-11-01T19:28:07","date_gmt":"2016-11-01T21:28:07","guid":{"rendered":"http:\/\/www.itaucultural.org.br\/ocupacao\/?page_id=11494"},"modified":"2023-10-31T14:21:11","modified_gmt":"2023-10-31T17:21:11","slug":"paisagem-sonora","status":"publish","type":"page","link":"https:\/\/www.itaucultural.org.br\/ocupacao\/abdias-nascimento\/paisagem-sonora\/","title":{"rendered":"Paisagem sonora"},"content":{"rendered":"","protected":false},"excerpt":{"rendered":"","protected":false},"author":2,"featured_media":0,"parent":11434,"menu_order":9,"comment_status":"closed","ping_status":"closed","template":"","meta":{"footnotes":""},"class_list":["post-11494","page","type-page","status-publish","hentry","temas-questoes-raciais","areas-musica"],"yoast_head":"<!-- This site is optimized with the Yoast SEO plugin v27.3 - https:\/\/yoast.com\/product\/yoast-seo-wordpress\/ -->\n<title>Paisagem sonora - Ocupa\u00e7\u00e3o Abdias Nascimento<\/title>\n<meta name=\"description\" content=\"Uma trilha composta especialmente para a Ocupa\u00e7\u00e3o Abdias Nascimento por Renato Gama est\u00e1 dispon\u00edvel aqui no site.\" \/>\n<meta name=\"robots\" content=\"index, follow, max-snippet:-1, max-image-preview:large, max-video-preview:-1\" \/>\n<link rel=\"canonical\" href=\"https:\/\/www.itaucultural.org.br\/ocupacao\/abdias-nascimento\/paisagem-sonora\/\" \/>\n<meta property=\"og:locale\" content=\"pt_BR\" \/>\n<meta property=\"og:type\" content=\"article\" \/>\n<meta property=\"og:title\" content=\"Paisagem sonora - Ocupa\u00e7\u00e3o Abdias Nascimento\" \/>\n<meta property=\"og:description\" content=\"Uma trilha composta especialmente para a Ocupa\u00e7\u00e3o Abdias Nascimento por Renato Gama est\u00e1 dispon\u00edvel aqui no site.\" \/>\n<meta property=\"og:url\" content=\"https:\/\/www.itaucultural.org.br\/ocupacao\/abdias-nascimento\/paisagem-sonora\/\" \/>\n<meta property=\"og:site_name\" content=\"Ocupa\u00e7\u00e3o\" \/>\n<meta property=\"article:modified_time\" content=\"2023-10-31T17:21:11+00:00\" \/>\n<meta name=\"twitter:card\" content=\"summary_large_image\" \/>\n<script type=\"application\/ld+json\" class=\"yoast-schema-graph\">{\"@context\":\"https:\\\/\\\/schema.org\",\"@graph\":[{\"@type\":\"WebPage\",\"@id\":\"https:\\\/\\\/www.itaucultural.org.br\\\/ocupacao\\\/abdias-nascimento\\\/paisagem-sonora\\\/\",\"url\":\"https:\\\/\\\/www.itaucultural.org.br\\\/ocupacao\\\/abdias-nascimento\\\/paisagem-sonora\\\/\",\"name\":\"Paisagem sonora - Ocupa\u00e7\u00e3o Abdias Nascimento\",\"isPartOf\":{\"@id\":\"https:\\\/\\\/www.itaucultural.org.br\\\/ocupacao\\\/en\\\/#website\"},\"datePublished\":\"2016-11-01T21:28:07+00:00\",\"dateModified\":\"2023-10-31T17:21:11+00:00\",\"description\":\"Uma trilha composta especialmente para a Ocupa\u00e7\u00e3o Abdias Nascimento por Renato Gama est\u00e1 dispon\u00edvel aqui no site.\",\"breadcrumb\":{\"@id\":\"https:\\\/\\\/www.itaucultural.org.br\\\/ocupacao\\\/abdias-nascimento\\\/paisagem-sonora\\\/#breadcrumb\"},\"inLanguage\":\"pt-BR\",\"potentialAction\":[{\"@type\":\"ReadAction\",\"target\":[\"https:\\\/\\\/www.itaucultural.org.br\\\/ocupacao\\\/abdias-nascimento\\\/paisagem-sonora\\\/\"]}]},{\"@type\":\"BreadcrumbList\",\"@id\":\"https:\\\/\\\/www.itaucultural.org.br\\\/ocupacao\\\/abdias-nascimento\\\/paisagem-sonora\\\/#breadcrumb\",\"itemListElement\":[{\"@type\":\"ListItem\",\"position\":1,\"name\":\"In\u00edcio\",\"item\":\"https:\\\/\\\/www.itaucultural.org.br\\\/ocupacao\\\/en\\\/\"},{\"@type\":\"ListItem\",\"position\":2,\"name\":\"Abdias Nascimento\",\"item\":\"https:\\\/\\\/ocupacao.icnetworks.org\\\/ocupacao\\\/abdias-nascimento\\\/\"},{\"@type\":\"ListItem\",\"position\":3,\"name\":\"Paisagem sonora\"}]},{\"@type\":\"WebSite\",\"@id\":\"https:\\\/\\\/www.itaucultural.org.br\\\/ocupacao\\\/en\\\/#website\",\"url\":\"https:\\\/\\\/www.itaucultural.org.br\\\/ocupacao\\\/en\\\/\",\"name\":\"Ocupa\u00e7\u00e3o\",\"description\":\"S\u00f3 mais um site WordPress\",\"potentialAction\":[{\"@type\":\"SearchAction\",\"target\":{\"@type\":\"EntryPoint\",\"urlTemplate\":\"https:\\\/\\\/www.itaucultural.org.br\\\/ocupacao\\\/en\\\/?s={search_term_string}\"},\"query-input\":{\"@type\":\"PropertyValueSpecification\",\"valueRequired\":true,\"valueName\":\"search_term_string\"}}],\"inLanguage\":\"pt-BR\"}]}<\/script>\n<!-- \/ Yoast SEO plugin. -->","yoast_head_json":{"title":"Paisagem sonora - Ocupa\u00e7\u00e3o Abdias Nascimento","description":"Uma trilha composta especialmente para a Ocupa\u00e7\u00e3o Abdias Nascimento por Renato Gama est\u00e1 dispon\u00edvel aqui no site.","robots":{"index":"index","follow":"follow","max-snippet":"max-snippet:-1","max-image-preview":"max-image-preview:large","max-video-preview":"max-video-preview:-1"},"canonical":"https:\/\/www.itaucultural.org.br\/ocupacao\/abdias-nascimento\/paisagem-sonora\/","og_locale":"pt_BR","og_type":"article","og_title":"Paisagem sonora - Ocupa\u00e7\u00e3o Abdias Nascimento","og_description":"Uma trilha composta especialmente para a Ocupa\u00e7\u00e3o Abdias Nascimento por Renato Gama est\u00e1 dispon\u00edvel aqui no site.","og_url":"https:\/\/www.itaucultural.org.br\/ocupacao\/abdias-nascimento\/paisagem-sonora\/","og_site_name":"Ocupa\u00e7\u00e3o","article_modified_time":"2023-10-31T17:21:11+00:00","twitter_card":"summary_large_image","schema":{"@context":"https:\/\/schema.org","@graph":[{"@type":"WebPage","@id":"https:\/\/www.itaucultural.org.br\/ocupacao\/abdias-nascimento\/paisagem-sonora\/","url":"https:\/\/www.itaucultural.org.br\/ocupacao\/abdias-nascimento\/paisagem-sonora\/","name":"Paisagem sonora - Ocupa\u00e7\u00e3o Abdias Nascimento","isPartOf":{"@id":"https:\/\/www.itaucultural.org.br\/ocupacao\/en\/#website"},"datePublished":"2016-11-01T21:28:07+00:00","dateModified":"2023-10-31T17:21:11+00:00","description":"Uma trilha composta especialmente para a Ocupa\u00e7\u00e3o Abdias Nascimento por Renato Gama est\u00e1 dispon\u00edvel aqui no site.","breadcrumb":{"@id":"https:\/\/www.itaucultural.org.br\/ocupacao\/abdias-nascimento\/paisagem-sonora\/#breadcrumb"},"inLanguage":"pt-BR","potentialAction":[{"@type":"ReadAction","target":["https:\/\/www.itaucultural.org.br\/ocupacao\/abdias-nascimento\/paisagem-sonora\/"]}]},{"@type":"BreadcrumbList","@id":"https:\/\/www.itaucultural.org.br\/ocupacao\/abdias-nascimento\/paisagem-sonora\/#breadcrumb","itemListElement":[{"@type":"ListItem","position":1,"name":"In\u00edcio","item":"https:\/\/www.itaucultural.org.br\/ocupacao\/en\/"},{"@type":"ListItem","position":2,"name":"Abdias Nascimento","item":"https:\/\/ocupacao.icnetworks.org\/ocupacao\/abdias-nascimento\/"},{"@type":"ListItem","position":3,"name":"Paisagem sonora"}]},{"@type":"WebSite","@id":"https:\/\/www.itaucultural.org.br\/ocupacao\/en\/#website","url":"https:\/\/www.itaucultural.org.br\/ocupacao\/en\/","name":"Ocupa\u00e7\u00e3o","description":"S\u00f3 mais um site WordPress","potentialAction":[{"@type":"SearchAction","target":{"@type":"EntryPoint","urlTemplate":"https:\/\/www.itaucultural.org.br\/ocupacao\/en\/?s={search_term_string}"},"query-input":{"@type":"PropertyValueSpecification","valueRequired":true,"valueName":"search_term_string"}}],"inLanguage":"pt-BR"}]}},"_links":{"self":[{"href":"https:\/\/www.itaucultural.org.br\/ocupacao\/wp-json\/wp\/v2\/pages\/11494","targetHints":{"allow":["GET"]}}],"collection":[{"href":"https:\/\/www.itaucultural.org.br\/ocupacao\/wp-json\/wp\/v2\/pages"}],"about":[{"href":"https:\/\/www.itaucultural.org.br\/ocupacao\/wp-json\/wp\/v2\/types\/page"}],"author":[{"embeddable":true,"href":"https:\/\/www.itaucultural.org.br\/ocupacao\/wp-json\/wp\/v2\/users\/2"}],"replies":[{"embeddable":true,"href":"https:\/\/www.itaucultural.org.br\/ocupacao\/wp-json\/wp\/v2\/comments?post=11494"}],"version-history":[{"count":22,"href":"https:\/\/www.itaucultural.org.br\/ocupacao\/wp-json\/wp\/v2\/pages\/11494\/revisions"}],"predecessor-version":[{"id":20270,"href":"https:\/\/www.itaucultural.org.br\/ocupacao\/wp-json\/wp\/v2\/pages\/11494\/revisions\/20270"}],"up":[{"embeddable":true,"href":"https:\/\/www.itaucultural.org.br\/ocupacao\/wp-json\/wp\/v2\/pages\/11434"}],"wp:attachment":[{"href":"https:\/\/www.itaucultural.org.br\/ocupacao\/wp-json\/wp\/v2\/media?parent=11494"}],"curies":[{"name":"wp","href":"https:\/\/api.w.org\/{rel}","templated":true}]}}