
{"id":12466,"date":"2017-05-03T17:40:40","date_gmt":"2017-05-03T20:40:40","guid":{"rendered":"http:\/\/www.itaucultural.org.br\/ocupacao\/?page_id=12466"},"modified":"2021-12-09T16:31:41","modified_gmt":"2021-12-09T19:31:41","slug":"educacao","status":"publish","type":"page","link":"https:\/\/www.itaucultural.org.br\/ocupacao\/conceicao-evaristo\/educacao\/","title":{"rendered":"Educa\u00e7\u00e3o"},"content":{"rendered":"","protected":false},"excerpt":{"rendered":"","protected":false},"author":7,"featured_media":0,"parent":12410,"menu_order":6,"comment_status":"closed","ping_status":"closed","template":"","meta":{"footnotes":""},"class_list":["post-12466","page","type-page","status-publish","hentry","temas-questoes-raciais","areas-educacao","areas-literatura"],"yoast_head":"<!-- This site is optimized with the Yoast SEO plugin v27.4 - https:\/\/yoast.com\/product\/yoast-seo-wordpress\/ -->\n<title>Educa\u00e7\u00e3o - Ocupa\u00e7\u00e3o Concei\u00e7\u00e3o Evaristo<\/title>\n<meta name=\"description\" content=\"Concei\u00e7\u00e3o Evaristo se dedicou ao campo da educa\u00e7\u00e3o ao longo de toda a sua vida. Hoje sua literatura \u00e9 estudada no ensino m\u00e9dio e na academia.\" \/>\n<meta name=\"robots\" content=\"index, follow, max-snippet:-1, max-image-preview:large, max-video-preview:-1\" \/>\n<link rel=\"canonical\" href=\"https:\/\/www.itaucultural.org.br\/ocupacao\/conceicao-evaristo\/educacao\/\" \/>\n<meta property=\"og:locale\" content=\"pt_BR\" \/>\n<meta property=\"og:type\" content=\"article\" \/>\n<meta property=\"og:title\" content=\"Educa\u00e7\u00e3o - Ocupa\u00e7\u00e3o Concei\u00e7\u00e3o Evaristo\" \/>\n<meta property=\"og:description\" content=\"Concei\u00e7\u00e3o Evaristo se dedicou ao campo da educa\u00e7\u00e3o ao longo de toda a sua vida. Hoje sua literatura \u00e9 estudada no ensino m\u00e9dio e na academia.\" \/>\n<meta property=\"og:url\" content=\"https:\/\/www.itaucultural.org.br\/ocupacao\/conceicao-evaristo\/educacao\/\" \/>\n<meta property=\"og:site_name\" content=\"Ocupa\u00e7\u00e3o\" \/>\n<meta property=\"article:modified_time\" content=\"2021-12-09T19:31:41+00:00\" \/>\n<meta name=\"twitter:card\" content=\"summary_large_image\" \/>\n<script type=\"application\/ld+json\" class=\"yoast-schema-graph\">{\"@context\":\"https:\\\/\\\/schema.org\",\"@graph\":[{\"@type\":\"WebPage\",\"@id\":\"https:\\\/\\\/www.itaucultural.org.br\\\/ocupacao\\\/conceicao-evaristo\\\/educacao\\\/\",\"url\":\"https:\\\/\\\/www.itaucultural.org.br\\\/ocupacao\\\/conceicao-evaristo\\\/educacao\\\/\",\"name\":\"Educa\u00e7\u00e3o - Ocupa\u00e7\u00e3o Concei\u00e7\u00e3o Evaristo\",\"isPartOf\":{\"@id\":\"https:\\\/\\\/www.itaucultural.org.br\\\/ocupacao\\\/en\\\/#website\"},\"datePublished\":\"2017-05-03T20:40:40+00:00\",\"dateModified\":\"2021-12-09T19:31:41+00:00\",\"description\":\"Concei\u00e7\u00e3o Evaristo se dedicou ao campo da educa\u00e7\u00e3o ao longo de toda a sua vida. Hoje sua literatura \u00e9 estudada no ensino m\u00e9dio e na academia.\",\"breadcrumb\":{\"@id\":\"https:\\\/\\\/www.itaucultural.org.br\\\/ocupacao\\\/conceicao-evaristo\\\/educacao\\\/#breadcrumb\"},\"inLanguage\":\"pt-BR\",\"potentialAction\":[{\"@type\":\"ReadAction\",\"target\":[\"https:\\\/\\\/www.itaucultural.org.br\\\/ocupacao\\\/conceicao-evaristo\\\/educacao\\\/\"]}]},{\"@type\":\"BreadcrumbList\",\"@id\":\"https:\\\/\\\/www.itaucultural.org.br\\\/ocupacao\\\/conceicao-evaristo\\\/educacao\\\/#breadcrumb\",\"itemListElement\":[{\"@type\":\"ListItem\",\"position\":1,\"name\":\"In\u00edcio\",\"item\":\"https:\\\/\\\/www.itaucultural.org.br\\\/ocupacao\\\/en\\\/\"},{\"@type\":\"ListItem\",\"position\":2,\"name\":\"Concei\u00e7\u00e3o Evaristo\",\"item\":\"https:\\\/\\\/ocupacao.icnetworks.org\\\/ocupacao\\\/conceicao-evaristo\\\/\"},{\"@type\":\"ListItem\",\"position\":3,\"name\":\"Educa\u00e7\u00e3o\"}]},{\"@type\":\"WebSite\",\"@id\":\"https:\\\/\\\/www.itaucultural.org.br\\\/ocupacao\\\/en\\\/#website\",\"url\":\"https:\\\/\\\/www.itaucultural.org.br\\\/ocupacao\\\/en\\\/\",\"name\":\"Ocupa\u00e7\u00e3o\",\"description\":\"S\u00f3 mais um site WordPress\",\"potentialAction\":[{\"@type\":\"SearchAction\",\"target\":{\"@type\":\"EntryPoint\",\"urlTemplate\":\"https:\\\/\\\/www.itaucultural.org.br\\\/ocupacao\\\/en\\\/?s={search_term_string}\"},\"query-input\":{\"@type\":\"PropertyValueSpecification\",\"valueRequired\":true,\"valueName\":\"search_term_string\"}}],\"inLanguage\":\"pt-BR\"}]}<\/script>\n<!-- \/ Yoast SEO plugin. -->","yoast_head_json":{"title":"Educa\u00e7\u00e3o - Ocupa\u00e7\u00e3o Concei\u00e7\u00e3o Evaristo","description":"Concei\u00e7\u00e3o Evaristo se dedicou ao campo da educa\u00e7\u00e3o ao longo de toda a sua vida. Hoje sua literatura \u00e9 estudada no ensino m\u00e9dio e na academia.","robots":{"index":"index","follow":"follow","max-snippet":"max-snippet:-1","max-image-preview":"max-image-preview:large","max-video-preview":"max-video-preview:-1"},"canonical":"https:\/\/www.itaucultural.org.br\/ocupacao\/conceicao-evaristo\/educacao\/","og_locale":"pt_BR","og_type":"article","og_title":"Educa\u00e7\u00e3o - Ocupa\u00e7\u00e3o Concei\u00e7\u00e3o Evaristo","og_description":"Concei\u00e7\u00e3o Evaristo se dedicou ao campo da educa\u00e7\u00e3o ao longo de toda a sua vida. Hoje sua literatura \u00e9 estudada no ensino m\u00e9dio e na academia.","og_url":"https:\/\/www.itaucultural.org.br\/ocupacao\/conceicao-evaristo\/educacao\/","og_site_name":"Ocupa\u00e7\u00e3o","article_modified_time":"2021-12-09T19:31:41+00:00","twitter_card":"summary_large_image","schema":{"@context":"https:\/\/schema.org","@graph":[{"@type":"WebPage","@id":"https:\/\/www.itaucultural.org.br\/ocupacao\/conceicao-evaristo\/educacao\/","url":"https:\/\/www.itaucultural.org.br\/ocupacao\/conceicao-evaristo\/educacao\/","name":"Educa\u00e7\u00e3o - Ocupa\u00e7\u00e3o Concei\u00e7\u00e3o Evaristo","isPartOf":{"@id":"https:\/\/www.itaucultural.org.br\/ocupacao\/en\/#website"},"datePublished":"2017-05-03T20:40:40+00:00","dateModified":"2021-12-09T19:31:41+00:00","description":"Concei\u00e7\u00e3o Evaristo se dedicou ao campo da educa\u00e7\u00e3o ao longo de toda a sua vida. Hoje sua literatura \u00e9 estudada no ensino m\u00e9dio e na academia.","breadcrumb":{"@id":"https:\/\/www.itaucultural.org.br\/ocupacao\/conceicao-evaristo\/educacao\/#breadcrumb"},"inLanguage":"pt-BR","potentialAction":[{"@type":"ReadAction","target":["https:\/\/www.itaucultural.org.br\/ocupacao\/conceicao-evaristo\/educacao\/"]}]},{"@type":"BreadcrumbList","@id":"https:\/\/www.itaucultural.org.br\/ocupacao\/conceicao-evaristo\/educacao\/#breadcrumb","itemListElement":[{"@type":"ListItem","position":1,"name":"In\u00edcio","item":"https:\/\/www.itaucultural.org.br\/ocupacao\/en\/"},{"@type":"ListItem","position":2,"name":"Concei\u00e7\u00e3o Evaristo","item":"https:\/\/ocupacao.icnetworks.org\/ocupacao\/conceicao-evaristo\/"},{"@type":"ListItem","position":3,"name":"Educa\u00e7\u00e3o"}]},{"@type":"WebSite","@id":"https:\/\/www.itaucultural.org.br\/ocupacao\/en\/#website","url":"https:\/\/www.itaucultural.org.br\/ocupacao\/en\/","name":"Ocupa\u00e7\u00e3o","description":"S\u00f3 mais um site WordPress","potentialAction":[{"@type":"SearchAction","target":{"@type":"EntryPoint","urlTemplate":"https:\/\/www.itaucultural.org.br\/ocupacao\/en\/?s={search_term_string}"},"query-input":{"@type":"PropertyValueSpecification","valueRequired":true,"valueName":"search_term_string"}}],"inLanguage":"pt-BR"}]}},"_links":{"self":[{"href":"https:\/\/www.itaucultural.org.br\/ocupacao\/wp-json\/wp\/v2\/pages\/12466","targetHints":{"allow":["GET"]}}],"collection":[{"href":"https:\/\/www.itaucultural.org.br\/ocupacao\/wp-json\/wp\/v2\/pages"}],"about":[{"href":"https:\/\/www.itaucultural.org.br\/ocupacao\/wp-json\/wp\/v2\/types\/page"}],"author":[{"embeddable":true,"href":"https:\/\/www.itaucultural.org.br\/ocupacao\/wp-json\/wp\/v2\/users\/7"}],"replies":[{"embeddable":true,"href":"https:\/\/www.itaucultural.org.br\/ocupacao\/wp-json\/wp\/v2\/comments?post=12466"}],"version-history":[{"count":7,"href":"https:\/\/www.itaucultural.org.br\/ocupacao\/wp-json\/wp\/v2\/pages\/12466\/revisions"}],"predecessor-version":[{"id":18630,"href":"https:\/\/www.itaucultural.org.br\/ocupacao\/wp-json\/wp\/v2\/pages\/12466\/revisions\/18630"}],"up":[{"embeddable":true,"href":"https:\/\/www.itaucultural.org.br\/ocupacao\/wp-json\/wp\/v2\/pages\/12410"}],"wp:attachment":[{"href":"https:\/\/www.itaucultural.org.br\/ocupacao\/wp-json\/wp\/v2\/media?parent=12466"}],"curies":[{"name":"wp","href":"https:\/\/api.w.org\/{rel}","templated":true}]}}