
{"id":17591,"date":"2021-09-10T15:01:06","date_gmt":"2021-09-10T18:01:06","guid":{"rendered":"https:\/\/www7.icnetworks.org\/ocupacao\/?page_id=17591"},"modified":"2023-03-13T14:44:48","modified_gmt":"2023-03-13T17:44:48","slug":"paulo-freire","status":"publish","type":"page","link":"https:\/\/www.itaucultural.org.br\/ocupacao\/paulo-freire\/","title":{"rendered":"Paulo Freire"},"content":{"rendered":"","protected":false},"excerpt":{"rendered":"","protected":false},"author":2,"featured_media":17593,"parent":0,"menu_order":65,"comment_status":"closed","ping_status":"closed","template":"","meta":{"footnotes":""},"class_list":["post-17591","page","type-page","status-publish","has-post-thumbnail","hentry","temas-educacao","temas-pedagogia","areas-educacao","areas-filosofia"],"yoast_head":"<!-- This site is optimized with the Yoast SEO plugin v27.4 - https:\/\/yoast.com\/product\/yoast-seo-wordpress\/ -->\n<title>Paulo Freire - Ocupa\u00e7\u00e3o<\/title>\n<meta name=\"description\" content=\"Exposi\u00e7\u00e3o gratuita no Ita\u00fa Cultural reconta a vida e a obra de Paulo Freire, para homenagear o educador que faria 100 anos em 2021.\" \/>\n<meta name=\"robots\" content=\"index, follow, max-snippet:-1, max-image-preview:large, max-video-preview:-1\" \/>\n<link rel=\"canonical\" href=\"https:\/\/www.itaucultural.org.br\/ocupacao\/paulo-freire\/\" \/>\n<meta property=\"og:locale\" content=\"pt_BR\" \/>\n<meta property=\"og:type\" content=\"article\" \/>\n<meta property=\"og:title\" content=\"Paulo Freire - Ocupa\u00e7\u00e3o\" \/>\n<meta property=\"og:description\" content=\"Exposi\u00e7\u00e3o gratuita no Ita\u00fa Cultural reconta a vida e a obra de Paulo Freire, para homenagear o educador que faria 100 anos em 2021.\" \/>\n<meta property=\"og:url\" content=\"https:\/\/www.itaucultural.org.br\/ocupacao\/paulo-freire\/\" \/>\n<meta property=\"og:site_name\" content=\"Ocupa\u00e7\u00e3o\" \/>\n<meta property=\"article:modified_time\" content=\"2023-03-13T17:44:48+00:00\" \/>\n<meta property=\"og:image\" content=\"https:\/\/www.itaucultural.org.br\/ocupacao\/wp-content\/uploads\/2021\/09\/BI-228367-Paulo-Freire-Joao-Pires-Estadao-Conteudo-1024x673.jpg\" \/>\n\t<meta property=\"og:image:width\" content=\"1024\" \/>\n\t<meta property=\"og:image:height\" content=\"673\" \/>\n\t<meta property=\"og:image:type\" content=\"image\/jpeg\" \/>\n<meta name=\"twitter:card\" content=\"summary_large_image\" \/>\n<script type=\"application\/ld+json\" class=\"yoast-schema-graph\">{\"@context\":\"https:\\\/\\\/schema.org\",\"@graph\":[{\"@type\":\"WebPage\",\"@id\":\"https:\\\/\\\/www.itaucultural.org.br\\\/ocupacao\\\/paulo-freire\\\/\",\"url\":\"https:\\\/\\\/www.itaucultural.org.br\\\/ocupacao\\\/paulo-freire\\\/\",\"name\":\"Paulo Freire - Ocupa\u00e7\u00e3o\",\"isPartOf\":{\"@id\":\"https:\\\/\\\/www.itaucultural.org.br\\\/ocupacao\\\/en\\\/#website\"},\"primaryImageOfPage\":{\"@id\":\"https:\\\/\\\/www.itaucultural.org.br\\\/ocupacao\\\/paulo-freire\\\/#primaryimage\"},\"image\":{\"@id\":\"https:\\\/\\\/www.itaucultural.org.br\\\/ocupacao\\\/paulo-freire\\\/#primaryimage\"},\"thumbnailUrl\":\"https:\\\/\\\/www.itaucultural.org.br\\\/ocupacao\\\/wp-content\\\/uploads\\\/2021\\\/09\\\/BI-228367-Paulo-Freire-Joao-Pires-Estadao-Conteudo.jpg\",\"datePublished\":\"2021-09-10T18:01:06+00:00\",\"dateModified\":\"2023-03-13T17:44:48+00:00\",\"description\":\"Exposi\u00e7\u00e3o gratuita no Ita\u00fa Cultural reconta a vida e a obra de Paulo Freire, para homenagear o educador que faria 100 anos em 2021.\",\"breadcrumb\":{\"@id\":\"https:\\\/\\\/www.itaucultural.org.br\\\/ocupacao\\\/paulo-freire\\\/#breadcrumb\"},\"inLanguage\":\"pt-BR\",\"potentialAction\":[{\"@type\":\"ReadAction\",\"target\":[\"https:\\\/\\\/www.itaucultural.org.br\\\/ocupacao\\\/paulo-freire\\\/\"]}]},{\"@type\":\"ImageObject\",\"inLanguage\":\"pt-BR\",\"@id\":\"https:\\\/\\\/www.itaucultural.org.br\\\/ocupacao\\\/paulo-freire\\\/#primaryimage\",\"url\":\"https:\\\/\\\/www.itaucultural.org.br\\\/ocupacao\\\/wp-content\\\/uploads\\\/2021\\\/09\\\/BI-228367-Paulo-Freire-Joao-Pires-Estadao-Conteudo.jpg\",\"contentUrl\":\"https:\\\/\\\/www.itaucultural.org.br\\\/ocupacao\\\/wp-content\\\/uploads\\\/2021\\\/09\\\/BI-228367-Paulo-Freire-Joao-Pires-Estadao-Conteudo.jpg\",\"width\":4724,\"height\":3107,\"caption\":\"Brasil, S\u00e3o Paulo, SP, 08\\\/08\\\/1979. O educador e fil\u00f3sofo, Paulo Freire, concede entrevista ao Jornal da Tarde, ao voltar do ex\u00edlio, em sua casa na cidade de S\u00e3o Paulo. Considerado um dos pensadores mais not\u00e1veis na hist\u00f3ria da pedagogia mundial Freire \u00e9 um dos respons\u00e1veis por promover o movimento chamado pedagogia cr\u00edtica. - Cr\u00e9dito:JO\u00c3O PIRES\\\/ESTAD\u00c3O CONTE\u00daDO\\\/AE\\\/C\u00f3digo imagem:228367\"},{\"@type\":\"BreadcrumbList\",\"@id\":\"https:\\\/\\\/www.itaucultural.org.br\\\/ocupacao\\\/paulo-freire\\\/#breadcrumb\",\"itemListElement\":[{\"@type\":\"ListItem\",\"position\":1,\"name\":\"In\u00edcio\",\"item\":\"https:\\\/\\\/www.itaucultural.org.br\\\/ocupacao\\\/en\\\/\"},{\"@type\":\"ListItem\",\"position\":2,\"name\":\"Paulo Freire\"}]},{\"@type\":\"WebSite\",\"@id\":\"https:\\\/\\\/www.itaucultural.org.br\\\/ocupacao\\\/en\\\/#website\",\"url\":\"https:\\\/\\\/www.itaucultural.org.br\\\/ocupacao\\\/en\\\/\",\"name\":\"Ocupa\u00e7\u00e3o\",\"description\":\"S\u00f3 mais um site WordPress\",\"potentialAction\":[{\"@type\":\"SearchAction\",\"target\":{\"@type\":\"EntryPoint\",\"urlTemplate\":\"https:\\\/\\\/www.itaucultural.org.br\\\/ocupacao\\\/en\\\/?s={search_term_string}\"},\"query-input\":{\"@type\":\"PropertyValueSpecification\",\"valueRequired\":true,\"valueName\":\"search_term_string\"}}],\"inLanguage\":\"pt-BR\"}]}<\/script>\n<!-- \/ Yoast SEO plugin. -->","yoast_head_json":{"title":"Paulo Freire - Ocupa\u00e7\u00e3o","description":"Exposi\u00e7\u00e3o gratuita no Ita\u00fa Cultural reconta a vida e a obra de Paulo Freire, para homenagear o educador que faria 100 anos em 2021.","robots":{"index":"index","follow":"follow","max-snippet":"max-snippet:-1","max-image-preview":"max-image-preview:large","max-video-preview":"max-video-preview:-1"},"canonical":"https:\/\/www.itaucultural.org.br\/ocupacao\/paulo-freire\/","og_locale":"pt_BR","og_type":"article","og_title":"Paulo Freire - Ocupa\u00e7\u00e3o","og_description":"Exposi\u00e7\u00e3o gratuita no Ita\u00fa Cultural reconta a vida e a obra de Paulo Freire, para homenagear o educador que faria 100 anos em 2021.","og_url":"https:\/\/www.itaucultural.org.br\/ocupacao\/paulo-freire\/","og_site_name":"Ocupa\u00e7\u00e3o","article_modified_time":"2023-03-13T17:44:48+00:00","og_image":[{"width":1024,"height":673,"url":"https:\/\/www.itaucultural.org.br\/ocupacao\/wp-content\/uploads\/2021\/09\/BI-228367-Paulo-Freire-Joao-Pires-Estadao-Conteudo-1024x673.jpg","type":"image\/jpeg"}],"twitter_card":"summary_large_image","schema":{"@context":"https:\/\/schema.org","@graph":[{"@type":"WebPage","@id":"https:\/\/www.itaucultural.org.br\/ocupacao\/paulo-freire\/","url":"https:\/\/www.itaucultural.org.br\/ocupacao\/paulo-freire\/","name":"Paulo Freire - Ocupa\u00e7\u00e3o","isPartOf":{"@id":"https:\/\/www.itaucultural.org.br\/ocupacao\/en\/#website"},"primaryImageOfPage":{"@id":"https:\/\/www.itaucultural.org.br\/ocupacao\/paulo-freire\/#primaryimage"},"image":{"@id":"https:\/\/www.itaucultural.org.br\/ocupacao\/paulo-freire\/#primaryimage"},"thumbnailUrl":"https:\/\/www.itaucultural.org.br\/ocupacao\/wp-content\/uploads\/2021\/09\/BI-228367-Paulo-Freire-Joao-Pires-Estadao-Conteudo.jpg","datePublished":"2021-09-10T18:01:06+00:00","dateModified":"2023-03-13T17:44:48+00:00","description":"Exposi\u00e7\u00e3o gratuita no Ita\u00fa Cultural reconta a vida e a obra de Paulo Freire, para homenagear o educador que faria 100 anos em 2021.","breadcrumb":{"@id":"https:\/\/www.itaucultural.org.br\/ocupacao\/paulo-freire\/#breadcrumb"},"inLanguage":"pt-BR","potentialAction":[{"@type":"ReadAction","target":["https:\/\/www.itaucultural.org.br\/ocupacao\/paulo-freire\/"]}]},{"@type":"ImageObject","inLanguage":"pt-BR","@id":"https:\/\/www.itaucultural.org.br\/ocupacao\/paulo-freire\/#primaryimage","url":"https:\/\/www.itaucultural.org.br\/ocupacao\/wp-content\/uploads\/2021\/09\/BI-228367-Paulo-Freire-Joao-Pires-Estadao-Conteudo.jpg","contentUrl":"https:\/\/www.itaucultural.org.br\/ocupacao\/wp-content\/uploads\/2021\/09\/BI-228367-Paulo-Freire-Joao-Pires-Estadao-Conteudo.jpg","width":4724,"height":3107,"caption":"Brasil, S\u00e3o Paulo, SP, 08\/08\/1979. O educador e fil\u00f3sofo, Paulo Freire, concede entrevista ao Jornal da Tarde, ao voltar do ex\u00edlio, em sua casa na cidade de S\u00e3o Paulo. Considerado um dos pensadores mais not\u00e1veis na hist\u00f3ria da pedagogia mundial Freire \u00e9 um dos respons\u00e1veis por promover o movimento chamado pedagogia cr\u00edtica. - Cr\u00e9dito:JO\u00c3O PIRES\/ESTAD\u00c3O CONTE\u00daDO\/AE\/C\u00f3digo imagem:228367"},{"@type":"BreadcrumbList","@id":"https:\/\/www.itaucultural.org.br\/ocupacao\/paulo-freire\/#breadcrumb","itemListElement":[{"@type":"ListItem","position":1,"name":"In\u00edcio","item":"https:\/\/www.itaucultural.org.br\/ocupacao\/en\/"},{"@type":"ListItem","position":2,"name":"Paulo Freire"}]},{"@type":"WebSite","@id":"https:\/\/www.itaucultural.org.br\/ocupacao\/en\/#website","url":"https:\/\/www.itaucultural.org.br\/ocupacao\/en\/","name":"Ocupa\u00e7\u00e3o","description":"S\u00f3 mais um site WordPress","potentialAction":[{"@type":"SearchAction","target":{"@type":"EntryPoint","urlTemplate":"https:\/\/www.itaucultural.org.br\/ocupacao\/en\/?s={search_term_string}"},"query-input":{"@type":"PropertyValueSpecification","valueRequired":true,"valueName":"search_term_string"}}],"inLanguage":"pt-BR"}]}},"_links":{"self":[{"href":"https:\/\/www.itaucultural.org.br\/ocupacao\/wp-json\/wp\/v2\/pages\/17591","targetHints":{"allow":["GET"]}}],"collection":[{"href":"https:\/\/www.itaucultural.org.br\/ocupacao\/wp-json\/wp\/v2\/pages"}],"about":[{"href":"https:\/\/www.itaucultural.org.br\/ocupacao\/wp-json\/wp\/v2\/types\/page"}],"author":[{"embeddable":true,"href":"https:\/\/www.itaucultural.org.br\/ocupacao\/wp-json\/wp\/v2\/users\/2"}],"replies":[{"embeddable":true,"href":"https:\/\/www.itaucultural.org.br\/ocupacao\/wp-json\/wp\/v2\/comments?post=17591"}],"version-history":[{"count":13,"href":"https:\/\/www.itaucultural.org.br\/ocupacao\/wp-json\/wp\/v2\/pages\/17591\/revisions"}],"predecessor-version":[{"id":18100,"href":"https:\/\/www.itaucultural.org.br\/ocupacao\/wp-json\/wp\/v2\/pages\/17591\/revisions\/18100"}],"wp:featuredmedia":[{"embeddable":true,"href":"https:\/\/www.itaucultural.org.br\/ocupacao\/wp-json\/wp\/v2\/media\/17593"}],"wp:attachment":[{"href":"https:\/\/www.itaucultural.org.br\/ocupacao\/wp-json\/wp\/v2\/media?parent=17591"}],"curies":[{"name":"wp","href":"https:\/\/api.w.org\/{rel}","templated":true}]}}