
{"id":18351,"date":"2021-11-24T17:10:20","date_gmt":"2021-11-24T20:10:20","guid":{"rendered":"https:\/\/ocupacao.icnetworks.org\/ocupacao\/?page_id=18351"},"modified":"2021-12-03T15:50:14","modified_gmt":"2021-12-03T18:50:14","slug":"nao-existe-circo-sem-musica","status":"publish","type":"page","link":"https:\/\/www.itaucultural.org.br\/ocupacao\/benjamim-oliveira\/nao-existe-circo-sem-musica\/","title":{"rendered":"N\u00e3o existe circo sem m\u00fasica"},"content":{"rendered":"","protected":false},"excerpt":{"rendered":"","protected":false},"author":8,"featured_media":0,"parent":18047,"menu_order":6,"comment_status":"closed","ping_status":"closed","template":"","meta":{"footnotes":""},"class_list":["post-18351","page","type-page","status-publish","hentry"],"yoast_head":"<!-- This site is optimized with the Yoast SEO plugin v27.4 - https:\/\/yoast.com\/product\/yoast-seo-wordpress\/ -->\n<title>N\u00e3o existe circo sem m\u00fasica - Ocupa\u00e7\u00e3o<\/title>\n<meta name=\"robots\" content=\"index, follow, max-snippet:-1, max-image-preview:large, max-video-preview:-1\" \/>\n<link rel=\"canonical\" href=\"https:\/\/www.itaucultural.org.br\/ocupacao\/benjamim-oliveira\/nao-existe-circo-sem-musica\/\" \/>\n<meta property=\"og:locale\" content=\"pt_BR\" \/>\n<meta property=\"og:type\" content=\"article\" \/>\n<meta property=\"og:title\" content=\"N\u00e3o existe circo sem m\u00fasica - Ocupa\u00e7\u00e3o\" \/>\n<meta property=\"og:url\" content=\"https:\/\/www.itaucultural.org.br\/ocupacao\/benjamim-oliveira\/nao-existe-circo-sem-musica\/\" \/>\n<meta property=\"og:site_name\" content=\"Ocupa\u00e7\u00e3o\" \/>\n<meta property=\"article:modified_time\" content=\"2021-12-03T18:50:14+00:00\" \/>\n<meta name=\"twitter:card\" content=\"summary_large_image\" \/>\n<script type=\"application\/ld+json\" class=\"yoast-schema-graph\">{\"@context\":\"https:\\\/\\\/schema.org\",\"@graph\":[{\"@type\":\"WebPage\",\"@id\":\"https:\\\/\\\/www.itaucultural.org.br\\\/ocupacao\\\/benjamim-oliveira\\\/nao-existe-circo-sem-musica\\\/\",\"url\":\"https:\\\/\\\/www.itaucultural.org.br\\\/ocupacao\\\/benjamim-oliveira\\\/nao-existe-circo-sem-musica\\\/\",\"name\":\"N\u00e3o existe circo sem m\u00fasica - Ocupa\u00e7\u00e3o\",\"isPartOf\":{\"@id\":\"https:\\\/\\\/www.itaucultural.org.br\\\/ocupacao\\\/en\\\/#website\"},\"datePublished\":\"2021-11-24T20:10:20+00:00\",\"dateModified\":\"2021-12-03T18:50:14+00:00\",\"breadcrumb\":{\"@id\":\"https:\\\/\\\/www.itaucultural.org.br\\\/ocupacao\\\/benjamim-oliveira\\\/nao-existe-circo-sem-musica\\\/#breadcrumb\"},\"inLanguage\":\"pt-BR\",\"potentialAction\":[{\"@type\":\"ReadAction\",\"target\":[\"https:\\\/\\\/www.itaucultural.org.br\\\/ocupacao\\\/benjamim-oliveira\\\/nao-existe-circo-sem-musica\\\/\"]}]},{\"@type\":\"BreadcrumbList\",\"@id\":\"https:\\\/\\\/www.itaucultural.org.br\\\/ocupacao\\\/benjamim-oliveira\\\/nao-existe-circo-sem-musica\\\/#breadcrumb\",\"itemListElement\":[{\"@type\":\"ListItem\",\"position\":1,\"name\":\"In\u00edcio\",\"item\":\"https:\\\/\\\/www.itaucultural.org.br\\\/ocupacao\\\/en\\\/\"},{\"@type\":\"ListItem\",\"position\":2,\"name\":\"Benjamim de Oliveira\",\"item\":\"https:\\\/\\\/www.itaucultural.org.br\\\/ocupacao\\\/benjamim-oliveira\\\/\"},{\"@type\":\"ListItem\",\"position\":3,\"name\":\"N\u00e3o existe circo sem m\u00fasica\"}]},{\"@type\":\"WebSite\",\"@id\":\"https:\\\/\\\/www.itaucultural.org.br\\\/ocupacao\\\/en\\\/#website\",\"url\":\"https:\\\/\\\/www.itaucultural.org.br\\\/ocupacao\\\/en\\\/\",\"name\":\"Ocupa\u00e7\u00e3o\",\"description\":\"S\u00f3 mais um site WordPress\",\"potentialAction\":[{\"@type\":\"SearchAction\",\"target\":{\"@type\":\"EntryPoint\",\"urlTemplate\":\"https:\\\/\\\/www.itaucultural.org.br\\\/ocupacao\\\/en\\\/?s={search_term_string}\"},\"query-input\":{\"@type\":\"PropertyValueSpecification\",\"valueRequired\":true,\"valueName\":\"search_term_string\"}}],\"inLanguage\":\"pt-BR\"}]}<\/script>\n<!-- \/ Yoast SEO plugin. -->","yoast_head_json":{"title":"N\u00e3o existe circo sem m\u00fasica - Ocupa\u00e7\u00e3o","robots":{"index":"index","follow":"follow","max-snippet":"max-snippet:-1","max-image-preview":"max-image-preview:large","max-video-preview":"max-video-preview:-1"},"canonical":"https:\/\/www.itaucultural.org.br\/ocupacao\/benjamim-oliveira\/nao-existe-circo-sem-musica\/","og_locale":"pt_BR","og_type":"article","og_title":"N\u00e3o existe circo sem m\u00fasica - Ocupa\u00e7\u00e3o","og_url":"https:\/\/www.itaucultural.org.br\/ocupacao\/benjamim-oliveira\/nao-existe-circo-sem-musica\/","og_site_name":"Ocupa\u00e7\u00e3o","article_modified_time":"2021-12-03T18:50:14+00:00","twitter_card":"summary_large_image","schema":{"@context":"https:\/\/schema.org","@graph":[{"@type":"WebPage","@id":"https:\/\/www.itaucultural.org.br\/ocupacao\/benjamim-oliveira\/nao-existe-circo-sem-musica\/","url":"https:\/\/www.itaucultural.org.br\/ocupacao\/benjamim-oliveira\/nao-existe-circo-sem-musica\/","name":"N\u00e3o existe circo sem m\u00fasica - Ocupa\u00e7\u00e3o","isPartOf":{"@id":"https:\/\/www.itaucultural.org.br\/ocupacao\/en\/#website"},"datePublished":"2021-11-24T20:10:20+00:00","dateModified":"2021-12-03T18:50:14+00:00","breadcrumb":{"@id":"https:\/\/www.itaucultural.org.br\/ocupacao\/benjamim-oliveira\/nao-existe-circo-sem-musica\/#breadcrumb"},"inLanguage":"pt-BR","potentialAction":[{"@type":"ReadAction","target":["https:\/\/www.itaucultural.org.br\/ocupacao\/benjamim-oliveira\/nao-existe-circo-sem-musica\/"]}]},{"@type":"BreadcrumbList","@id":"https:\/\/www.itaucultural.org.br\/ocupacao\/benjamim-oliveira\/nao-existe-circo-sem-musica\/#breadcrumb","itemListElement":[{"@type":"ListItem","position":1,"name":"In\u00edcio","item":"https:\/\/www.itaucultural.org.br\/ocupacao\/en\/"},{"@type":"ListItem","position":2,"name":"Benjamim de Oliveira","item":"https:\/\/www.itaucultural.org.br\/ocupacao\/benjamim-oliveira\/"},{"@type":"ListItem","position":3,"name":"N\u00e3o existe circo sem m\u00fasica"}]},{"@type":"WebSite","@id":"https:\/\/www.itaucultural.org.br\/ocupacao\/en\/#website","url":"https:\/\/www.itaucultural.org.br\/ocupacao\/en\/","name":"Ocupa\u00e7\u00e3o","description":"S\u00f3 mais um site WordPress","potentialAction":[{"@type":"SearchAction","target":{"@type":"EntryPoint","urlTemplate":"https:\/\/www.itaucultural.org.br\/ocupacao\/en\/?s={search_term_string}"},"query-input":{"@type":"PropertyValueSpecification","valueRequired":true,"valueName":"search_term_string"}}],"inLanguage":"pt-BR"}]}},"_links":{"self":[{"href":"https:\/\/www.itaucultural.org.br\/ocupacao\/wp-json\/wp\/v2\/pages\/18351","targetHints":{"allow":["GET"]}}],"collection":[{"href":"https:\/\/www.itaucultural.org.br\/ocupacao\/wp-json\/wp\/v2\/pages"}],"about":[{"href":"https:\/\/www.itaucultural.org.br\/ocupacao\/wp-json\/wp\/v2\/types\/page"}],"author":[{"embeddable":true,"href":"https:\/\/www.itaucultural.org.br\/ocupacao\/wp-json\/wp\/v2\/users\/8"}],"replies":[{"embeddable":true,"href":"https:\/\/www.itaucultural.org.br\/ocupacao\/wp-json\/wp\/v2\/comments?post=18351"}],"version-history":[{"count":30,"href":"https:\/\/www.itaucultural.org.br\/ocupacao\/wp-json\/wp\/v2\/pages\/18351\/revisions"}],"predecessor-version":[{"id":18597,"href":"https:\/\/www.itaucultural.org.br\/ocupacao\/wp-json\/wp\/v2\/pages\/18351\/revisions\/18597"}],"up":[{"embeddable":true,"href":"https:\/\/www.itaucultural.org.br\/ocupacao\/wp-json\/wp\/v2\/pages\/18047"}],"wp:attachment":[{"href":"https:\/\/www.itaucultural.org.br\/ocupacao\/wp-json\/wp\/v2\/media?parent=18351"}],"curies":[{"name":"wp","href":"https:\/\/api.w.org\/{rel}","templated":true}]}}