
{"id":19051,"date":"2022-08-09T17:51:55","date_gmt":"2022-08-09T20:51:55","guid":{"rendered":"https:\/\/ocupacao.icnetworks.org\/ocupacao\/?page_id=19051"},"modified":"2022-10-26T16:18:08","modified_gmt":"2022-10-26T19:18:08","slug":"mariinha-torna-se-tonia-carrero","status":"publish","type":"page","link":"https:\/\/www.itaucultural.org.br\/ocupacao\/tonia-carrero\/mariinha-torna-se-tonia-carrero\/","title":{"rendered":"Mariinha torna-se T\u00f4nia Carrero"},"content":{"rendered":"","protected":false},"excerpt":{"rendered":"","protected":false},"author":16,"featured_media":0,"parent":19040,"menu_order":1,"comment_status":"closed","ping_status":"closed","template":"","meta":{"footnotes":""},"class_list":["post-19051","page","type-page","status-publish","hentry","temas-familia","temas-infancia","areas-cinema","areas-teatro","areas-televisao"],"yoast_head":"<!-- This site is optimized with the Yoast SEO plugin v27.3 - https:\/\/yoast.com\/product\/yoast-seo-wordpress\/ -->\n<title>Mariinha torna-se T\u00f4nia Carrero - Ocupa\u00e7\u00e3o<\/title>\n<meta name=\"robots\" content=\"index, follow, max-snippet:-1, max-image-preview:large, max-video-preview:-1\" \/>\n<link rel=\"canonical\" href=\"https:\/\/www.itaucultural.org.br\/ocupacao\/tonia-carrero\/mariinha-torna-se-tonia-carrero\/\" \/>\n<meta property=\"og:locale\" content=\"pt_BR\" \/>\n<meta property=\"og:type\" content=\"article\" \/>\n<meta property=\"og:title\" content=\"Mariinha torna-se T\u00f4nia Carrero - Ocupa\u00e7\u00e3o\" \/>\n<meta property=\"og:url\" content=\"https:\/\/www.itaucultural.org.br\/ocupacao\/tonia-carrero\/mariinha-torna-se-tonia-carrero\/\" \/>\n<meta property=\"og:site_name\" content=\"Ocupa\u00e7\u00e3o\" \/>\n<meta property=\"article:modified_time\" content=\"2022-10-26T19:18:08+00:00\" \/>\n<meta name=\"twitter:card\" content=\"summary_large_image\" \/>\n<script type=\"application\/ld+json\" class=\"yoast-schema-graph\">{\"@context\":\"https:\\\/\\\/schema.org\",\"@graph\":[{\"@type\":\"WebPage\",\"@id\":\"https:\\\/\\\/www.itaucultural.org.br\\\/ocupacao\\\/tonia-carrero\\\/mariinha-torna-se-tonia-carrero\\\/\",\"url\":\"https:\\\/\\\/www.itaucultural.org.br\\\/ocupacao\\\/tonia-carrero\\\/mariinha-torna-se-tonia-carrero\\\/\",\"name\":\"Mariinha torna-se T\u00f4nia Carrero - Ocupa\u00e7\u00e3o\",\"isPartOf\":{\"@id\":\"https:\\\/\\\/www.itaucultural.org.br\\\/ocupacao\\\/en\\\/#website\"},\"datePublished\":\"2022-08-09T20:51:55+00:00\",\"dateModified\":\"2022-10-26T19:18:08+00:00\",\"breadcrumb\":{\"@id\":\"https:\\\/\\\/www.itaucultural.org.br\\\/ocupacao\\\/tonia-carrero\\\/mariinha-torna-se-tonia-carrero\\\/#breadcrumb\"},\"inLanguage\":\"pt-BR\",\"potentialAction\":[{\"@type\":\"ReadAction\",\"target\":[\"https:\\\/\\\/www.itaucultural.org.br\\\/ocupacao\\\/tonia-carrero\\\/mariinha-torna-se-tonia-carrero\\\/\"]}]},{\"@type\":\"BreadcrumbList\",\"@id\":\"https:\\\/\\\/www.itaucultural.org.br\\\/ocupacao\\\/tonia-carrero\\\/mariinha-torna-se-tonia-carrero\\\/#breadcrumb\",\"itemListElement\":[{\"@type\":\"ListItem\",\"position\":1,\"name\":\"In\u00edcio\",\"item\":\"https:\\\/\\\/www.itaucultural.org.br\\\/ocupacao\\\/en\\\/\"},{\"@type\":\"ListItem\",\"position\":2,\"name\":\"T\u00f4nia Carrero\",\"item\":\"https:\\\/\\\/www.itaucultural.org.br\\\/ocupacao\\\/tonia-carrero\\\/\"},{\"@type\":\"ListItem\",\"position\":3,\"name\":\"Mariinha torna-se T\u00f4nia Carrero\"}]},{\"@type\":\"WebSite\",\"@id\":\"https:\\\/\\\/www.itaucultural.org.br\\\/ocupacao\\\/en\\\/#website\",\"url\":\"https:\\\/\\\/www.itaucultural.org.br\\\/ocupacao\\\/en\\\/\",\"name\":\"Ocupa\u00e7\u00e3o\",\"description\":\"S\u00f3 mais um site WordPress\",\"potentialAction\":[{\"@type\":\"SearchAction\",\"target\":{\"@type\":\"EntryPoint\",\"urlTemplate\":\"https:\\\/\\\/www.itaucultural.org.br\\\/ocupacao\\\/en\\\/?s={search_term_string}\"},\"query-input\":{\"@type\":\"PropertyValueSpecification\",\"valueRequired\":true,\"valueName\":\"search_term_string\"}}],\"inLanguage\":\"pt-BR\"}]}<\/script>\n<!-- \/ Yoast SEO plugin. -->","yoast_head_json":{"title":"Mariinha torna-se T\u00f4nia Carrero - Ocupa\u00e7\u00e3o","robots":{"index":"index","follow":"follow","max-snippet":"max-snippet:-1","max-image-preview":"max-image-preview:large","max-video-preview":"max-video-preview:-1"},"canonical":"https:\/\/www.itaucultural.org.br\/ocupacao\/tonia-carrero\/mariinha-torna-se-tonia-carrero\/","og_locale":"pt_BR","og_type":"article","og_title":"Mariinha torna-se T\u00f4nia Carrero - Ocupa\u00e7\u00e3o","og_url":"https:\/\/www.itaucultural.org.br\/ocupacao\/tonia-carrero\/mariinha-torna-se-tonia-carrero\/","og_site_name":"Ocupa\u00e7\u00e3o","article_modified_time":"2022-10-26T19:18:08+00:00","twitter_card":"summary_large_image","schema":{"@context":"https:\/\/schema.org","@graph":[{"@type":"WebPage","@id":"https:\/\/www.itaucultural.org.br\/ocupacao\/tonia-carrero\/mariinha-torna-se-tonia-carrero\/","url":"https:\/\/www.itaucultural.org.br\/ocupacao\/tonia-carrero\/mariinha-torna-se-tonia-carrero\/","name":"Mariinha torna-se T\u00f4nia Carrero - Ocupa\u00e7\u00e3o","isPartOf":{"@id":"https:\/\/www.itaucultural.org.br\/ocupacao\/en\/#website"},"datePublished":"2022-08-09T20:51:55+00:00","dateModified":"2022-10-26T19:18:08+00:00","breadcrumb":{"@id":"https:\/\/www.itaucultural.org.br\/ocupacao\/tonia-carrero\/mariinha-torna-se-tonia-carrero\/#breadcrumb"},"inLanguage":"pt-BR","potentialAction":[{"@type":"ReadAction","target":["https:\/\/www.itaucultural.org.br\/ocupacao\/tonia-carrero\/mariinha-torna-se-tonia-carrero\/"]}]},{"@type":"BreadcrumbList","@id":"https:\/\/www.itaucultural.org.br\/ocupacao\/tonia-carrero\/mariinha-torna-se-tonia-carrero\/#breadcrumb","itemListElement":[{"@type":"ListItem","position":1,"name":"In\u00edcio","item":"https:\/\/www.itaucultural.org.br\/ocupacao\/en\/"},{"@type":"ListItem","position":2,"name":"T\u00f4nia Carrero","item":"https:\/\/www.itaucultural.org.br\/ocupacao\/tonia-carrero\/"},{"@type":"ListItem","position":3,"name":"Mariinha torna-se T\u00f4nia Carrero"}]},{"@type":"WebSite","@id":"https:\/\/www.itaucultural.org.br\/ocupacao\/en\/#website","url":"https:\/\/www.itaucultural.org.br\/ocupacao\/en\/","name":"Ocupa\u00e7\u00e3o","description":"S\u00f3 mais um site WordPress","potentialAction":[{"@type":"SearchAction","target":{"@type":"EntryPoint","urlTemplate":"https:\/\/www.itaucultural.org.br\/ocupacao\/en\/?s={search_term_string}"},"query-input":{"@type":"PropertyValueSpecification","valueRequired":true,"valueName":"search_term_string"}}],"inLanguage":"pt-BR"}]}},"_links":{"self":[{"href":"https:\/\/www.itaucultural.org.br\/ocupacao\/wp-json\/wp\/v2\/pages\/19051","targetHints":{"allow":["GET"]}}],"collection":[{"href":"https:\/\/www.itaucultural.org.br\/ocupacao\/wp-json\/wp\/v2\/pages"}],"about":[{"href":"https:\/\/www.itaucultural.org.br\/ocupacao\/wp-json\/wp\/v2\/types\/page"}],"author":[{"embeddable":true,"href":"https:\/\/www.itaucultural.org.br\/ocupacao\/wp-json\/wp\/v2\/users\/16"}],"replies":[{"embeddable":true,"href":"https:\/\/www.itaucultural.org.br\/ocupacao\/wp-json\/wp\/v2\/comments?post=19051"}],"version-history":[{"count":42,"href":"https:\/\/www.itaucultural.org.br\/ocupacao\/wp-json\/wp\/v2\/pages\/19051\/revisions"}],"predecessor-version":[{"id":19635,"href":"https:\/\/www.itaucultural.org.br\/ocupacao\/wp-json\/wp\/v2\/pages\/19051\/revisions\/19635"}],"up":[{"embeddable":true,"href":"https:\/\/www.itaucultural.org.br\/ocupacao\/wp-json\/wp\/v2\/pages\/19040"}],"wp:attachment":[{"href":"https:\/\/www.itaucultural.org.br\/ocupacao\/wp-json\/wp\/v2\/media?parent=19051"}],"curies":[{"name":"wp","href":"https:\/\/api.w.org\/{rel}","templated":true}]}}