
{"id":19348,"date":"2022-10-03T18:18:44","date_gmt":"2022-10-03T21:18:44","guid":{"rendered":"https:\/\/ocupacao.icnetworks.org\/ocupacao\/?page_id=19348"},"modified":"2023-03-22T14:29:36","modified_gmt":"2023-03-22T17:29:36","slug":"dias-gomes","status":"publish","type":"page","link":"https:\/\/www.itaucultural.org.br\/ocupacao\/dias-gomes\/","title":{"rendered":"Dias Gomes"},"content":{"rendered":"<p>Dias Gomes (1922-1999) se considerava essencialmente um homem de teatro. Um dos mais consagrados dramaturgos do pa\u00eds, fez tamb\u00e9m r\u00e1dio, televis\u00e3o, cinema e literatura. Sua obra colocou em cena a realidade brasileira: personagens t\u00edpicos, tra\u00e7os regionais, costumes populares e quest\u00f5es sociais intr\u00ednsecas aos agrados e \u00e0s mazelas do povo.<\/p>\n<p>Natural de Salvador (BA), mudou-se para o Rio de Janeiro ainda crian\u00e7a. Escreveu sua primeira pe\u00e7a aos 15 anos e, a partir de ent\u00e3o, n\u00e3o parou mais: criou obras como <em>O pagador de promessas<\/em> (1959), <em>O bem-amado<\/em> (1962), <em>O santo inqu\u00e9rito<\/em> (1964) e <em>Roque Santeiro<\/em> (1985) e deu asas a personagens como Z\u00e9 do Burro, Odorico Paragua\u00e7u, Branca Dias, Vi\u00fava Porcina e tantos outros que est\u00e3o vivos na mem\u00f3ria do p\u00fablico.<\/p>\n<p>O programa <strong><em>Ocupa\u00e7\u00e3o Ita\u00fa Cultural<\/em><\/strong> homenageia artistas e intelectuais brasileiros, estimulando o di\u00e1logo com novas gera\u00e7\u00f5es por meio do espa\u00e7o expositivo e de a\u00e7\u00f5es <em>on-line<\/em>, como o <em>site<\/em> <a href=\"http:\/\/itaucultural.org.br\/ocupacao\"><strong>itaucultural.org.br\/ocupacao<\/strong><\/a>.<\/p>\n<p>Nesta 57\u00aa edi\u00e7\u00e3o, no ano do centen\u00e1rio de Dias Gomes, celebra-se um autor que, sobretudo, tinha uma vis\u00e3o cr\u00edtica \u2014 para alguns, subversiva. Fez do teatro e da televis\u00e3o lugares para debater o pol\u00edtico e o popular, a cren\u00e7a e o fant\u00e1stico, o her\u00f3i tr\u00e1gico e o humano.<\/p>\n<p style=\"text-align: right;\"><strong>Ita\u00fa Cultural<\/strong><\/p>\n","protected":false},"excerpt":{"rendered":"<p>Dias Gomes (1922-1999) se considerava essencialmente um homem de teatro. Um dos mais consagrados dramaturgos do pa\u00eds, fez tamb\u00e9m r\u00e1dio, televis\u00e3o, cinema e literatura. Sua obra colocou em cena a realidade brasileira: personagens t\u00edpicos, tra\u00e7os regionais, costumes populares e quest\u00f5es sociais intr\u00ednsecas aos agrados e \u00e0s mazelas do povo. Natural de Salvador (BA), mudou-se para [&hellip;]<\/p>\n","protected":false},"author":20,"featured_media":19907,"parent":0,"menu_order":55,"comment_status":"closed","ping_status":"closed","template":"","meta":{"footnotes":""},"class_list":["post-19348","page","type-page","status-publish","has-post-thumbnail","hentry","temas-cultura-popular","temas-ditadura-militar","temas-teatro","temas-televisao","areas-cinema","areas-cultura-popular","areas-teatro","areas-televisao"],"yoast_head":"<!-- This site is optimized with the Yoast SEO plugin v27.3 - https:\/\/yoast.com\/product\/yoast-seo-wordpress\/ -->\n<title>Ocupa\u00e7\u00e3o Dias Gomes - Ita\u00fa Cultural<\/title>\n<meta name=\"description\" content=\"A Ocupa\u00e7\u00e3o Dias Gomes celebra um dos mais consagrados dramaturgos brasileiros, autor de personagens e obras inesquec\u00edveis.\" \/>\n<meta name=\"robots\" content=\"index, follow, max-snippet:-1, max-image-preview:large, max-video-preview:-1\" \/>\n<link rel=\"canonical\" href=\"https:\/\/www.itaucultural.org.br\/ocupacao\/dias-gomes\/\" \/>\n<meta property=\"og:locale\" content=\"pt_BR\" \/>\n<meta property=\"og:type\" content=\"article\" \/>\n<meta property=\"og:title\" content=\"Ocupa\u00e7\u00e3o Dias Gomes - Ita\u00fa Cultural\" \/>\n<meta property=\"og:description\" content=\"A Ocupa\u00e7\u00e3o Dias Gomes celebra um dos mais consagrados dramaturgos brasileiros, autor de personagens e obras inesquec\u00edveis.\" \/>\n<meta property=\"og:url\" content=\"https:\/\/www.itaucultural.org.br\/ocupacao\/dias-gomes\/\" \/>\n<meta property=\"og:site_name\" content=\"Ocupa\u00e7\u00e3o\" \/>\n<meta property=\"article:modified_time\" content=\"2023-03-22T17:29:36+00:00\" \/>\n<meta property=\"og:image\" content=\"https:\/\/www.itaucultural.org.br\/ocupacao\/wp-content\/uploads\/2023\/03\/resized_1920x1080px_SITE_ODG_AF.jpg\" \/>\n\t<meta property=\"og:image:width\" content=\"1200\" \/>\n\t<meta property=\"og:image:height\" content=\"675\" \/>\n\t<meta property=\"og:image:type\" content=\"image\/jpeg\" \/>\n<meta name=\"twitter:card\" content=\"summary_large_image\" \/>\n<meta name=\"twitter:label1\" content=\"Est. tempo de leitura\" \/>\n\t<meta name=\"twitter:data1\" content=\"2 minutos\" \/>\n<script type=\"application\/ld+json\" class=\"yoast-schema-graph\">{\"@context\":\"https:\\\/\\\/schema.org\",\"@graph\":[{\"@type\":\"WebPage\",\"@id\":\"https:\\\/\\\/www.itaucultural.org.br\\\/ocupacao\\\/dias-gomes\\\/\",\"url\":\"https:\\\/\\\/www.itaucultural.org.br\\\/ocupacao\\\/dias-gomes\\\/\",\"name\":\"Ocupa\u00e7\u00e3o Dias Gomes - Ita\u00fa Cultural\",\"isPartOf\":{\"@id\":\"https:\\\/\\\/www.itaucultural.org.br\\\/ocupacao\\\/en\\\/#website\"},\"primaryImageOfPage\":{\"@id\":\"https:\\\/\\\/www.itaucultural.org.br\\\/ocupacao\\\/dias-gomes\\\/#primaryimage\"},\"image\":{\"@id\":\"https:\\\/\\\/www.itaucultural.org.br\\\/ocupacao\\\/dias-gomes\\\/#primaryimage\"},\"thumbnailUrl\":\"https:\\\/\\\/www.itaucultural.org.br\\\/ocupacao\\\/wp-content\\\/uploads\\\/2023\\\/03\\\/resized_1920x1080px_SITE_ODG_AF.jpg\",\"datePublished\":\"2022-10-03T21:18:44+00:00\",\"dateModified\":\"2023-03-22T17:29:36+00:00\",\"description\":\"A Ocupa\u00e7\u00e3o Dias Gomes celebra um dos mais consagrados dramaturgos brasileiros, autor de personagens e obras inesquec\u00edveis.\",\"breadcrumb\":{\"@id\":\"https:\\\/\\\/www.itaucultural.org.br\\\/ocupacao\\\/dias-gomes\\\/#breadcrumb\"},\"inLanguage\":\"pt-BR\",\"potentialAction\":[{\"@type\":\"ReadAction\",\"target\":[\"https:\\\/\\\/www.itaucultural.org.br\\\/ocupacao\\\/dias-gomes\\\/\"]}]},{\"@type\":\"ImageObject\",\"inLanguage\":\"pt-BR\",\"@id\":\"https:\\\/\\\/www.itaucultural.org.br\\\/ocupacao\\\/dias-gomes\\\/#primaryimage\",\"url\":\"https:\\\/\\\/www.itaucultural.org.br\\\/ocupacao\\\/wp-content\\\/uploads\\\/2023\\\/03\\\/resized_1920x1080px_SITE_ODG_AF.jpg\",\"contentUrl\":\"https:\\\/\\\/www.itaucultural.org.br\\\/ocupacao\\\/wp-content\\\/uploads\\\/2023\\\/03\\\/resized_1920x1080px_SITE_ODG_AF.jpg\",\"width\":1200,\"height\":675,\"caption\":\"Dias Gomes, sem data. Autor desconhecido. Acervo Dias Gomes\"},{\"@type\":\"BreadcrumbList\",\"@id\":\"https:\\\/\\\/www.itaucultural.org.br\\\/ocupacao\\\/dias-gomes\\\/#breadcrumb\",\"itemListElement\":[{\"@type\":\"ListItem\",\"position\":1,\"name\":\"In\u00edcio\",\"item\":\"https:\\\/\\\/www.itaucultural.org.br\\\/ocupacao\\\/en\\\/\"},{\"@type\":\"ListItem\",\"position\":2,\"name\":\"Dias Gomes\"}]},{\"@type\":\"WebSite\",\"@id\":\"https:\\\/\\\/www.itaucultural.org.br\\\/ocupacao\\\/en\\\/#website\",\"url\":\"https:\\\/\\\/www.itaucultural.org.br\\\/ocupacao\\\/en\\\/\",\"name\":\"Ocupa\u00e7\u00e3o\",\"description\":\"S\u00f3 mais um site WordPress\",\"potentialAction\":[{\"@type\":\"SearchAction\",\"target\":{\"@type\":\"EntryPoint\",\"urlTemplate\":\"https:\\\/\\\/www.itaucultural.org.br\\\/ocupacao\\\/en\\\/?s={search_term_string}\"},\"query-input\":{\"@type\":\"PropertyValueSpecification\",\"valueRequired\":true,\"valueName\":\"search_term_string\"}}],\"inLanguage\":\"pt-BR\"}]}<\/script>\n<!-- \/ Yoast SEO plugin. -->","yoast_head_json":{"title":"Ocupa\u00e7\u00e3o Dias Gomes - Ita\u00fa Cultural","description":"A Ocupa\u00e7\u00e3o Dias Gomes celebra um dos mais consagrados dramaturgos brasileiros, autor de personagens e obras inesquec\u00edveis.","robots":{"index":"index","follow":"follow","max-snippet":"max-snippet:-1","max-image-preview":"max-image-preview:large","max-video-preview":"max-video-preview:-1"},"canonical":"https:\/\/www.itaucultural.org.br\/ocupacao\/dias-gomes\/","og_locale":"pt_BR","og_type":"article","og_title":"Ocupa\u00e7\u00e3o Dias Gomes - Ita\u00fa Cultural","og_description":"A Ocupa\u00e7\u00e3o Dias Gomes celebra um dos mais consagrados dramaturgos brasileiros, autor de personagens e obras inesquec\u00edveis.","og_url":"https:\/\/www.itaucultural.org.br\/ocupacao\/dias-gomes\/","og_site_name":"Ocupa\u00e7\u00e3o","article_modified_time":"2023-03-22T17:29:36+00:00","og_image":[{"width":1200,"height":675,"url":"https:\/\/www.itaucultural.org.br\/ocupacao\/wp-content\/uploads\/2023\/03\/resized_1920x1080px_SITE_ODG_AF.jpg","type":"image\/jpeg"}],"twitter_card":"summary_large_image","twitter_misc":{"Est. tempo de leitura":"2 minutos"},"schema":{"@context":"https:\/\/schema.org","@graph":[{"@type":"WebPage","@id":"https:\/\/www.itaucultural.org.br\/ocupacao\/dias-gomes\/","url":"https:\/\/www.itaucultural.org.br\/ocupacao\/dias-gomes\/","name":"Ocupa\u00e7\u00e3o Dias Gomes - Ita\u00fa Cultural","isPartOf":{"@id":"https:\/\/www.itaucultural.org.br\/ocupacao\/en\/#website"},"primaryImageOfPage":{"@id":"https:\/\/www.itaucultural.org.br\/ocupacao\/dias-gomes\/#primaryimage"},"image":{"@id":"https:\/\/www.itaucultural.org.br\/ocupacao\/dias-gomes\/#primaryimage"},"thumbnailUrl":"https:\/\/www.itaucultural.org.br\/ocupacao\/wp-content\/uploads\/2023\/03\/resized_1920x1080px_SITE_ODG_AF.jpg","datePublished":"2022-10-03T21:18:44+00:00","dateModified":"2023-03-22T17:29:36+00:00","description":"A Ocupa\u00e7\u00e3o Dias Gomes celebra um dos mais consagrados dramaturgos brasileiros, autor de personagens e obras inesquec\u00edveis.","breadcrumb":{"@id":"https:\/\/www.itaucultural.org.br\/ocupacao\/dias-gomes\/#breadcrumb"},"inLanguage":"pt-BR","potentialAction":[{"@type":"ReadAction","target":["https:\/\/www.itaucultural.org.br\/ocupacao\/dias-gomes\/"]}]},{"@type":"ImageObject","inLanguage":"pt-BR","@id":"https:\/\/www.itaucultural.org.br\/ocupacao\/dias-gomes\/#primaryimage","url":"https:\/\/www.itaucultural.org.br\/ocupacao\/wp-content\/uploads\/2023\/03\/resized_1920x1080px_SITE_ODG_AF.jpg","contentUrl":"https:\/\/www.itaucultural.org.br\/ocupacao\/wp-content\/uploads\/2023\/03\/resized_1920x1080px_SITE_ODG_AF.jpg","width":1200,"height":675,"caption":"Dias Gomes, sem data. Autor desconhecido. Acervo Dias Gomes"},{"@type":"BreadcrumbList","@id":"https:\/\/www.itaucultural.org.br\/ocupacao\/dias-gomes\/#breadcrumb","itemListElement":[{"@type":"ListItem","position":1,"name":"In\u00edcio","item":"https:\/\/www.itaucultural.org.br\/ocupacao\/en\/"},{"@type":"ListItem","position":2,"name":"Dias Gomes"}]},{"@type":"WebSite","@id":"https:\/\/www.itaucultural.org.br\/ocupacao\/en\/#website","url":"https:\/\/www.itaucultural.org.br\/ocupacao\/en\/","name":"Ocupa\u00e7\u00e3o","description":"S\u00f3 mais um site WordPress","potentialAction":[{"@type":"SearchAction","target":{"@type":"EntryPoint","urlTemplate":"https:\/\/www.itaucultural.org.br\/ocupacao\/en\/?s={search_term_string}"},"query-input":{"@type":"PropertyValueSpecification","valueRequired":true,"valueName":"search_term_string"}}],"inLanguage":"pt-BR"}]}},"_links":{"self":[{"href":"https:\/\/www.itaucultural.org.br\/ocupacao\/wp-json\/wp\/v2\/pages\/19348","targetHints":{"allow":["GET"]}}],"collection":[{"href":"https:\/\/www.itaucultural.org.br\/ocupacao\/wp-json\/wp\/v2\/pages"}],"about":[{"href":"https:\/\/www.itaucultural.org.br\/ocupacao\/wp-json\/wp\/v2\/types\/page"}],"author":[{"embeddable":true,"href":"https:\/\/www.itaucultural.org.br\/ocupacao\/wp-json\/wp\/v2\/users\/20"}],"replies":[{"embeddable":true,"href":"https:\/\/www.itaucultural.org.br\/ocupacao\/wp-json\/wp\/v2\/comments?post=19348"}],"version-history":[{"count":21,"href":"https:\/\/www.itaucultural.org.br\/ocupacao\/wp-json\/wp\/v2\/pages\/19348\/revisions"}],"predecessor-version":[{"id":19939,"href":"https:\/\/www.itaucultural.org.br\/ocupacao\/wp-json\/wp\/v2\/pages\/19348\/revisions\/19939"}],"wp:featuredmedia":[{"embeddable":true,"href":"https:\/\/www.itaucultural.org.br\/ocupacao\/wp-json\/wp\/v2\/media\/19907"}],"wp:attachment":[{"href":"https:\/\/www.itaucultural.org.br\/ocupacao\/wp-json\/wp\/v2\/media?parent=19348"}],"curies":[{"name":"wp","href":"https:\/\/api.w.org\/{rel}","templated":true}]}}