
{"id":20989,"date":"2024-06-19T17:09:36","date_gmt":"2024-06-19T20:09:36","guid":{"rendered":"https:\/\/ocupacao.icnetworks.org\/ocupacao\/?page_id=20989"},"modified":"2024-09-03T14:42:15","modified_gmt":"2024-09-03T17:42:15","slug":"que-audacia","status":"publish","type":"page","link":"https:\/\/www.itaucultural.org.br\/ocupacao\/artacho-jurado\/que-audacia\/","title":{"rendered":"Que aud\u00e1cia!"},"content":{"rendered":"","protected":false},"excerpt":{"rendered":"","protected":false},"author":24,"featured_media":0,"parent":20977,"menu_order":1,"comment_status":"closed","ping_status":"closed","template":"","meta":{"footnotes":""},"class_list":["post-20989","page","type-page","status-publish","hentry","areas-arquitetura","areas-artes-visuais"],"yoast_head":"<!-- This site is optimized with the Yoast SEO plugin v27.3 - https:\/\/yoast.com\/product\/yoast-seo-wordpress\/ -->\n<title>Que aud\u00e1cia! - Ocupa\u00e7\u00e3o<\/title>\n<meta name=\"description\" content=\"Parte do site da Ocupa\u00e7\u00e3o Artacho Jurado, esta se\u00e7\u00e3o apresenta o texto curatorial da mostra e um artigo de Guilherme Giufrida\" \/>\n<meta name=\"robots\" content=\"index, follow, max-snippet:-1, max-image-preview:large, max-video-preview:-1\" \/>\n<link rel=\"canonical\" href=\"https:\/\/ocupacao.icnetworks.org\/ocupacao\/artacho-jurado\/que-audacia\/\" \/>\n<meta property=\"og:locale\" content=\"pt_BR\" \/>\n<meta property=\"og:type\" content=\"article\" \/>\n<meta property=\"og:title\" content=\"Que aud\u00e1cia! - Ocupa\u00e7\u00e3o\" \/>\n<meta property=\"og:description\" content=\"Parte do site da Ocupa\u00e7\u00e3o Artacho Jurado, esta se\u00e7\u00e3o apresenta o texto curatorial da mostra e um artigo de Guilherme Giufrida\" \/>\n<meta property=\"og:url\" content=\"https:\/\/ocupacao.icnetworks.org\/ocupacao\/artacho-jurado\/que-audacia\/\" \/>\n<meta property=\"og:site_name\" content=\"Ocupa\u00e7\u00e3o\" \/>\n<meta property=\"article:modified_time\" content=\"2024-09-03T17:42:15+00:00\" \/>\n<meta name=\"twitter:card\" content=\"summary_large_image\" \/>\n<script type=\"application\/ld+json\" class=\"yoast-schema-graph\">{\"@context\":\"https:\\\/\\\/schema.org\",\"@graph\":[{\"@type\":\"WebPage\",\"@id\":\"https:\\\/\\\/ocupacao.icnetworks.org\\\/ocupacao\\\/artacho-jurado\\\/que-audacia\\\/\",\"url\":\"https:\\\/\\\/ocupacao.icnetworks.org\\\/ocupacao\\\/artacho-jurado\\\/que-audacia\\\/\",\"name\":\"Que aud\u00e1cia! - Ocupa\u00e7\u00e3o\",\"isPartOf\":{\"@id\":\"https:\\\/\\\/www.itaucultural.org.br\\\/ocupacao\\\/en\\\/#website\"},\"datePublished\":\"2024-06-19T20:09:36+00:00\",\"dateModified\":\"2024-09-03T17:42:15+00:00\",\"description\":\"Parte do site da Ocupa\u00e7\u00e3o Artacho Jurado, esta se\u00e7\u00e3o apresenta o texto curatorial da mostra e um artigo de Guilherme Giufrida\",\"breadcrumb\":{\"@id\":\"https:\\\/\\\/ocupacao.icnetworks.org\\\/ocupacao\\\/artacho-jurado\\\/que-audacia\\\/#breadcrumb\"},\"inLanguage\":\"pt-BR\",\"potentialAction\":[{\"@type\":\"ReadAction\",\"target\":[\"https:\\\/\\\/ocupacao.icnetworks.org\\\/ocupacao\\\/artacho-jurado\\\/que-audacia\\\/\"]}]},{\"@type\":\"BreadcrumbList\",\"@id\":\"https:\\\/\\\/ocupacao.icnetworks.org\\\/ocupacao\\\/artacho-jurado\\\/que-audacia\\\/#breadcrumb\",\"itemListElement\":[{\"@type\":\"ListItem\",\"position\":1,\"name\":\"In\u00edcio\",\"item\":\"https:\\\/\\\/www.itaucultural.org.br\\\/ocupacao\\\/en\\\/\"},{\"@type\":\"ListItem\",\"position\":2,\"name\":\"Artacho Jurado\",\"item\":\"https:\\\/\\\/ocupacao.icnetworks.org\\\/ocupacao\\\/artacho-jurado\\\/\"},{\"@type\":\"ListItem\",\"position\":3,\"name\":\"Que aud\u00e1cia!\"}]},{\"@type\":\"WebSite\",\"@id\":\"https:\\\/\\\/www.itaucultural.org.br\\\/ocupacao\\\/en\\\/#website\",\"url\":\"https:\\\/\\\/www.itaucultural.org.br\\\/ocupacao\\\/en\\\/\",\"name\":\"Ocupa\u00e7\u00e3o\",\"description\":\"S\u00f3 mais um site WordPress\",\"potentialAction\":[{\"@type\":\"SearchAction\",\"target\":{\"@type\":\"EntryPoint\",\"urlTemplate\":\"https:\\\/\\\/www.itaucultural.org.br\\\/ocupacao\\\/en\\\/?s={search_term_string}\"},\"query-input\":{\"@type\":\"PropertyValueSpecification\",\"valueRequired\":true,\"valueName\":\"search_term_string\"}}],\"inLanguage\":\"pt-BR\"}]}<\/script>\n<!-- \/ Yoast SEO plugin. -->","yoast_head_json":{"title":"Que aud\u00e1cia! - Ocupa\u00e7\u00e3o","description":"Parte do site da Ocupa\u00e7\u00e3o Artacho Jurado, esta se\u00e7\u00e3o apresenta o texto curatorial da mostra e um artigo de Guilherme Giufrida","robots":{"index":"index","follow":"follow","max-snippet":"max-snippet:-1","max-image-preview":"max-image-preview:large","max-video-preview":"max-video-preview:-1"},"canonical":"https:\/\/ocupacao.icnetworks.org\/ocupacao\/artacho-jurado\/que-audacia\/","og_locale":"pt_BR","og_type":"article","og_title":"Que aud\u00e1cia! - Ocupa\u00e7\u00e3o","og_description":"Parte do site da Ocupa\u00e7\u00e3o Artacho Jurado, esta se\u00e7\u00e3o apresenta o texto curatorial da mostra e um artigo de Guilherme Giufrida","og_url":"https:\/\/ocupacao.icnetworks.org\/ocupacao\/artacho-jurado\/que-audacia\/","og_site_name":"Ocupa\u00e7\u00e3o","article_modified_time":"2024-09-03T17:42:15+00:00","twitter_card":"summary_large_image","schema":{"@context":"https:\/\/schema.org","@graph":[{"@type":"WebPage","@id":"https:\/\/ocupacao.icnetworks.org\/ocupacao\/artacho-jurado\/que-audacia\/","url":"https:\/\/ocupacao.icnetworks.org\/ocupacao\/artacho-jurado\/que-audacia\/","name":"Que aud\u00e1cia! - Ocupa\u00e7\u00e3o","isPartOf":{"@id":"https:\/\/www.itaucultural.org.br\/ocupacao\/en\/#website"},"datePublished":"2024-06-19T20:09:36+00:00","dateModified":"2024-09-03T17:42:15+00:00","description":"Parte do site da Ocupa\u00e7\u00e3o Artacho Jurado, esta se\u00e7\u00e3o apresenta o texto curatorial da mostra e um artigo de Guilherme Giufrida","breadcrumb":{"@id":"https:\/\/ocupacao.icnetworks.org\/ocupacao\/artacho-jurado\/que-audacia\/#breadcrumb"},"inLanguage":"pt-BR","potentialAction":[{"@type":"ReadAction","target":["https:\/\/ocupacao.icnetworks.org\/ocupacao\/artacho-jurado\/que-audacia\/"]}]},{"@type":"BreadcrumbList","@id":"https:\/\/ocupacao.icnetworks.org\/ocupacao\/artacho-jurado\/que-audacia\/#breadcrumb","itemListElement":[{"@type":"ListItem","position":1,"name":"In\u00edcio","item":"https:\/\/www.itaucultural.org.br\/ocupacao\/en\/"},{"@type":"ListItem","position":2,"name":"Artacho Jurado","item":"https:\/\/ocupacao.icnetworks.org\/ocupacao\/artacho-jurado\/"},{"@type":"ListItem","position":3,"name":"Que aud\u00e1cia!"}]},{"@type":"WebSite","@id":"https:\/\/www.itaucultural.org.br\/ocupacao\/en\/#website","url":"https:\/\/www.itaucultural.org.br\/ocupacao\/en\/","name":"Ocupa\u00e7\u00e3o","description":"S\u00f3 mais um site WordPress","potentialAction":[{"@type":"SearchAction","target":{"@type":"EntryPoint","urlTemplate":"https:\/\/www.itaucultural.org.br\/ocupacao\/en\/?s={search_term_string}"},"query-input":{"@type":"PropertyValueSpecification","valueRequired":true,"valueName":"search_term_string"}}],"inLanguage":"pt-BR"}]}},"_links":{"self":[{"href":"https:\/\/www.itaucultural.org.br\/ocupacao\/wp-json\/wp\/v2\/pages\/20989","targetHints":{"allow":["GET"]}}],"collection":[{"href":"https:\/\/www.itaucultural.org.br\/ocupacao\/wp-json\/wp\/v2\/pages"}],"about":[{"href":"https:\/\/www.itaucultural.org.br\/ocupacao\/wp-json\/wp\/v2\/types\/page"}],"author":[{"embeddable":true,"href":"https:\/\/www.itaucultural.org.br\/ocupacao\/wp-json\/wp\/v2\/users\/24"}],"replies":[{"embeddable":true,"href":"https:\/\/www.itaucultural.org.br\/ocupacao\/wp-json\/wp\/v2\/comments?post=20989"}],"version-history":[{"count":28,"href":"https:\/\/www.itaucultural.org.br\/ocupacao\/wp-json\/wp\/v2\/pages\/20989\/revisions"}],"predecessor-version":[{"id":21490,"href":"https:\/\/www.itaucultural.org.br\/ocupacao\/wp-json\/wp\/v2\/pages\/20989\/revisions\/21490"}],"up":[{"embeddable":true,"href":"https:\/\/www.itaucultural.org.br\/ocupacao\/wp-json\/wp\/v2\/pages\/20977"}],"wp:attachment":[{"href":"https:\/\/www.itaucultural.org.br\/ocupacao\/wp-json\/wp\/v2\/media?parent=20989"}],"curies":[{"name":"wp","href":"https:\/\/api.w.org\/{rel}","templated":true}]}}