
{"id":20995,"date":"2024-06-19T17:10:22","date_gmt":"2024-06-19T20:10:22","guid":{"rendered":"https:\/\/ocupacao.icnetworks.org\/ocupacao\/?page_id=20995"},"modified":"2024-07-15T12:46:33","modified_gmt":"2024-07-15T15:46:33","slug":"quem-mora-la","status":"publish","type":"page","link":"https:\/\/www.itaucultural.org.br\/ocupacao\/artacho-jurado\/quem-mora-la\/","title":{"rendered":"Quem mora l\u00e1?"},"content":{"rendered":"","protected":false},"excerpt":{"rendered":"","protected":false},"author":24,"featured_media":0,"parent":20977,"menu_order":4,"comment_status":"closed","ping_status":"closed","template":"","meta":{"footnotes":""},"class_list":["post-20995","page","type-page","status-publish","hentry","areas-arquitetura","areas-artes-visuais"],"yoast_head":"<!-- This site is optimized with the Yoast SEO plugin v27.3 - https:\/\/yoast.com\/product\/yoast-seo-wordpress\/ -->\n<title>Quem mora l\u00e1? - Ocupa\u00e7\u00e3o<\/title>\n<meta name=\"description\" content=\"Esta se\u00e7\u00e3o, parte do site da Ocupa\u00e7\u00e3o Artacho Jurado, homenageia seis moradores de pr\u00e9dios constru\u00eddos pelo arquiteto\" \/>\n<meta name=\"robots\" content=\"index, follow, max-snippet:-1, max-image-preview:large, max-video-preview:-1\" \/>\n<link rel=\"canonical\" href=\"https:\/\/www.itaucultural.org.br\/ocupacao\/artacho-jurado\/quem-mora-la\/\" \/>\n<meta property=\"og:locale\" content=\"pt_BR\" \/>\n<meta property=\"og:type\" content=\"article\" \/>\n<meta property=\"og:title\" content=\"Quem mora l\u00e1? - Ocupa\u00e7\u00e3o\" \/>\n<meta property=\"og:description\" content=\"Esta se\u00e7\u00e3o, parte do site da Ocupa\u00e7\u00e3o Artacho Jurado, homenageia seis moradores de pr\u00e9dios constru\u00eddos pelo arquiteto\" \/>\n<meta property=\"og:url\" content=\"https:\/\/www.itaucultural.org.br\/ocupacao\/artacho-jurado\/quem-mora-la\/\" \/>\n<meta property=\"og:site_name\" content=\"Ocupa\u00e7\u00e3o\" \/>\n<meta property=\"article:modified_time\" content=\"2024-07-15T15:46:33+00:00\" \/>\n<meta name=\"twitter:card\" content=\"summary_large_image\" \/>\n<script type=\"application\/ld+json\" class=\"yoast-schema-graph\">{\"@context\":\"https:\\\/\\\/schema.org\",\"@graph\":[{\"@type\":\"WebPage\",\"@id\":\"https:\\\/\\\/www.itaucultural.org.br\\\/ocupacao\\\/artacho-jurado\\\/quem-mora-la\\\/\",\"url\":\"https:\\\/\\\/www.itaucultural.org.br\\\/ocupacao\\\/artacho-jurado\\\/quem-mora-la\\\/\",\"name\":\"Quem mora l\u00e1? - Ocupa\u00e7\u00e3o\",\"isPartOf\":{\"@id\":\"https:\\\/\\\/www.itaucultural.org.br\\\/ocupacao\\\/en\\\/#website\"},\"datePublished\":\"2024-06-19T20:10:22+00:00\",\"dateModified\":\"2024-07-15T15:46:33+00:00\",\"description\":\"Esta se\u00e7\u00e3o, parte do site da Ocupa\u00e7\u00e3o Artacho Jurado, homenageia seis moradores de pr\u00e9dios constru\u00eddos pelo arquiteto\",\"breadcrumb\":{\"@id\":\"https:\\\/\\\/www.itaucultural.org.br\\\/ocupacao\\\/artacho-jurado\\\/quem-mora-la\\\/#breadcrumb\"},\"inLanguage\":\"pt-BR\",\"potentialAction\":[{\"@type\":\"ReadAction\",\"target\":[\"https:\\\/\\\/www.itaucultural.org.br\\\/ocupacao\\\/artacho-jurado\\\/quem-mora-la\\\/\"]}]},{\"@type\":\"BreadcrumbList\",\"@id\":\"https:\\\/\\\/www.itaucultural.org.br\\\/ocupacao\\\/artacho-jurado\\\/quem-mora-la\\\/#breadcrumb\",\"itemListElement\":[{\"@type\":\"ListItem\",\"position\":1,\"name\":\"In\u00edcio\",\"item\":\"https:\\\/\\\/www.itaucultural.org.br\\\/ocupacao\\\/en\\\/\"},{\"@type\":\"ListItem\",\"position\":2,\"name\":\"Artacho Jurado\",\"item\":\"https:\\\/\\\/ocupacao.icnetworks.org\\\/ocupacao\\\/artacho-jurado\\\/\"},{\"@type\":\"ListItem\",\"position\":3,\"name\":\"Quem mora l\u00e1?\"}]},{\"@type\":\"WebSite\",\"@id\":\"https:\\\/\\\/www.itaucultural.org.br\\\/ocupacao\\\/en\\\/#website\",\"url\":\"https:\\\/\\\/www.itaucultural.org.br\\\/ocupacao\\\/en\\\/\",\"name\":\"Ocupa\u00e7\u00e3o\",\"description\":\"S\u00f3 mais um site WordPress\",\"potentialAction\":[{\"@type\":\"SearchAction\",\"target\":{\"@type\":\"EntryPoint\",\"urlTemplate\":\"https:\\\/\\\/www.itaucultural.org.br\\\/ocupacao\\\/en\\\/?s={search_term_string}\"},\"query-input\":{\"@type\":\"PropertyValueSpecification\",\"valueRequired\":true,\"valueName\":\"search_term_string\"}}],\"inLanguage\":\"pt-BR\"}]}<\/script>\n<!-- \/ Yoast SEO plugin. -->","yoast_head_json":{"title":"Quem mora l\u00e1? - Ocupa\u00e7\u00e3o","description":"Esta se\u00e7\u00e3o, parte do site da Ocupa\u00e7\u00e3o Artacho Jurado, homenageia seis moradores de pr\u00e9dios constru\u00eddos pelo arquiteto","robots":{"index":"index","follow":"follow","max-snippet":"max-snippet:-1","max-image-preview":"max-image-preview:large","max-video-preview":"max-video-preview:-1"},"canonical":"https:\/\/www.itaucultural.org.br\/ocupacao\/artacho-jurado\/quem-mora-la\/","og_locale":"pt_BR","og_type":"article","og_title":"Quem mora l\u00e1? - Ocupa\u00e7\u00e3o","og_description":"Esta se\u00e7\u00e3o, parte do site da Ocupa\u00e7\u00e3o Artacho Jurado, homenageia seis moradores de pr\u00e9dios constru\u00eddos pelo arquiteto","og_url":"https:\/\/www.itaucultural.org.br\/ocupacao\/artacho-jurado\/quem-mora-la\/","og_site_name":"Ocupa\u00e7\u00e3o","article_modified_time":"2024-07-15T15:46:33+00:00","twitter_card":"summary_large_image","schema":{"@context":"https:\/\/schema.org","@graph":[{"@type":"WebPage","@id":"https:\/\/www.itaucultural.org.br\/ocupacao\/artacho-jurado\/quem-mora-la\/","url":"https:\/\/www.itaucultural.org.br\/ocupacao\/artacho-jurado\/quem-mora-la\/","name":"Quem mora l\u00e1? - Ocupa\u00e7\u00e3o","isPartOf":{"@id":"https:\/\/www.itaucultural.org.br\/ocupacao\/en\/#website"},"datePublished":"2024-06-19T20:10:22+00:00","dateModified":"2024-07-15T15:46:33+00:00","description":"Esta se\u00e7\u00e3o, parte do site da Ocupa\u00e7\u00e3o Artacho Jurado, homenageia seis moradores de pr\u00e9dios constru\u00eddos pelo arquiteto","breadcrumb":{"@id":"https:\/\/www.itaucultural.org.br\/ocupacao\/artacho-jurado\/quem-mora-la\/#breadcrumb"},"inLanguage":"pt-BR","potentialAction":[{"@type":"ReadAction","target":["https:\/\/www.itaucultural.org.br\/ocupacao\/artacho-jurado\/quem-mora-la\/"]}]},{"@type":"BreadcrumbList","@id":"https:\/\/www.itaucultural.org.br\/ocupacao\/artacho-jurado\/quem-mora-la\/#breadcrumb","itemListElement":[{"@type":"ListItem","position":1,"name":"In\u00edcio","item":"https:\/\/www.itaucultural.org.br\/ocupacao\/en\/"},{"@type":"ListItem","position":2,"name":"Artacho Jurado","item":"https:\/\/ocupacao.icnetworks.org\/ocupacao\/artacho-jurado\/"},{"@type":"ListItem","position":3,"name":"Quem mora l\u00e1?"}]},{"@type":"WebSite","@id":"https:\/\/www.itaucultural.org.br\/ocupacao\/en\/#website","url":"https:\/\/www.itaucultural.org.br\/ocupacao\/en\/","name":"Ocupa\u00e7\u00e3o","description":"S\u00f3 mais um site WordPress","potentialAction":[{"@type":"SearchAction","target":{"@type":"EntryPoint","urlTemplate":"https:\/\/www.itaucultural.org.br\/ocupacao\/en\/?s={search_term_string}"},"query-input":{"@type":"PropertyValueSpecification","valueRequired":true,"valueName":"search_term_string"}}],"inLanguage":"pt-BR"}]}},"_links":{"self":[{"href":"https:\/\/www.itaucultural.org.br\/ocupacao\/wp-json\/wp\/v2\/pages\/20995","targetHints":{"allow":["GET"]}}],"collection":[{"href":"https:\/\/www.itaucultural.org.br\/ocupacao\/wp-json\/wp\/v2\/pages"}],"about":[{"href":"https:\/\/www.itaucultural.org.br\/ocupacao\/wp-json\/wp\/v2\/types\/page"}],"author":[{"embeddable":true,"href":"https:\/\/www.itaucultural.org.br\/ocupacao\/wp-json\/wp\/v2\/users\/24"}],"replies":[{"embeddable":true,"href":"https:\/\/www.itaucultural.org.br\/ocupacao\/wp-json\/wp\/v2\/comments?post=20995"}],"version-history":[{"count":16,"href":"https:\/\/www.itaucultural.org.br\/ocupacao\/wp-json\/wp\/v2\/pages\/20995\/revisions"}],"predecessor-version":[{"id":21302,"href":"https:\/\/www.itaucultural.org.br\/ocupacao\/wp-json\/wp\/v2\/pages\/20995\/revisions\/21302"}],"up":[{"embeddable":true,"href":"https:\/\/www.itaucultural.org.br\/ocupacao\/wp-json\/wp\/v2\/pages\/20977"}],"wp:attachment":[{"href":"https:\/\/www.itaucultural.org.br\/ocupacao\/wp-json\/wp\/v2\/media?parent=20995"}],"curies":[{"name":"wp","href":"https:\/\/api.w.org\/{rel}","templated":true}]}}