
{"id":6768,"date":"2016-08-19T19:33:44","date_gmt":"2016-08-19T22:33:44","guid":{"rendered":"http:\/\/qa.ocupacao.itau.nuova2.com\/ocupacao\/person\/pai-e-marido\/"},"modified":"2020-11-10T12:18:46","modified_gmt":"2020-11-10T15:18:46","slug":"pai-e-marido","status":"publish","type":"page","link":"https:\/\/www.itaucultural.org.br\/ocupacao\/person\/pai-e-marido\/","title":{"rendered":"Pai e marido"},"content":{"rendered":"","protected":false},"excerpt":{"rendered":"","protected":false},"author":1,"featured_media":6781,"parent":6730,"menu_order":1,"comment_status":"closed","ping_status":"closed","template":"","meta":{"footnotes":""},"class_list":["post-6768","page","type-page","status-publish","has-post-thumbnail","hentry","temas-ditadura-militar","areas-cinema"],"yoast_head":"<!-- This site is optimized with the Yoast SEO plugin v27.3 - https:\/\/yoast.com\/product\/yoast-seo-wordpress\/ -->\n<title>Pai e marido - Ocupa\u00e7\u00e3o<\/title>\n<meta name=\"robots\" content=\"index, follow, max-snippet:-1, max-image-preview:large, max-video-preview:-1\" \/>\n<link rel=\"canonical\" href=\"https:\/\/ocupacao.icnetworks.org\/ocupacao\/person\/pai-e-marido\/\" \/>\n<meta property=\"og:locale\" content=\"pt_BR\" \/>\n<meta property=\"og:type\" content=\"article\" \/>\n<meta property=\"og:title\" content=\"Pai e marido - Ocupa\u00e7\u00e3o\" \/>\n<meta property=\"og:url\" content=\"https:\/\/ocupacao.icnetworks.org\/ocupacao\/person\/pai-e-marido\/\" \/>\n<meta property=\"og:site_name\" content=\"Ocupa\u00e7\u00e3o\" \/>\n<meta property=\"article:modified_time\" content=\"2020-11-10T15:18:46+00:00\" \/>\n<meta property=\"og:image\" content=\"https:\/\/ocupacao.icnetworks.org\/ocupacao\/wp-content\/uploads\/2016\/02\/LSP_1063_a.jpg\" \/>\n\t<meta property=\"og:image:width\" content=\"1087\" \/>\n\t<meta property=\"og:image:height\" content=\"1569\" \/>\n\t<meta property=\"og:image:type\" content=\"image\/jpeg\" \/>\n<meta name=\"twitter:card\" content=\"summary_large_image\" \/>\n<script type=\"application\/ld+json\" class=\"yoast-schema-graph\">{\"@context\":\"https:\\\/\\\/schema.org\",\"@graph\":[{\"@type\":\"WebPage\",\"@id\":\"https:\\\/\\\/ocupacao.icnetworks.org\\\/ocupacao\\\/person\\\/pai-e-marido\\\/\",\"url\":\"https:\\\/\\\/ocupacao.icnetworks.org\\\/ocupacao\\\/person\\\/pai-e-marido\\\/\",\"name\":\"Pai e marido - Ocupa\u00e7\u00e3o\",\"isPartOf\":{\"@id\":\"https:\\\/\\\/www.itaucultural.org.br\\\/ocupacao\\\/en\\\/#website\"},\"primaryImageOfPage\":{\"@id\":\"https:\\\/\\\/ocupacao.icnetworks.org\\\/ocupacao\\\/person\\\/pai-e-marido\\\/#primaryimage\"},\"image\":{\"@id\":\"https:\\\/\\\/ocupacao.icnetworks.org\\\/ocupacao\\\/person\\\/pai-e-marido\\\/#primaryimage\"},\"thumbnailUrl\":\"https:\\\/\\\/www.itaucultural.org.br\\\/ocupacao\\\/wp-content\\\/uploads\\\/2016\\\/02\\\/LSP_1063_a.jpg\",\"datePublished\":\"2016-08-19T22:33:44+00:00\",\"dateModified\":\"2020-11-10T15:18:46+00:00\",\"breadcrumb\":{\"@id\":\"https:\\\/\\\/ocupacao.icnetworks.org\\\/ocupacao\\\/person\\\/pai-e-marido\\\/#breadcrumb\"},\"inLanguage\":\"pt-BR\",\"potentialAction\":[{\"@type\":\"ReadAction\",\"target\":[\"https:\\\/\\\/ocupacao.icnetworks.org\\\/ocupacao\\\/person\\\/pai-e-marido\\\/\"]}]},{\"@type\":\"ImageObject\",\"inLanguage\":\"pt-BR\",\"@id\":\"https:\\\/\\\/ocupacao.icnetworks.org\\\/ocupacao\\\/person\\\/pai-e-marido\\\/#primaryimage\",\"url\":\"https:\\\/\\\/www.itaucultural.org.br\\\/ocupacao\\\/wp-content\\\/uploads\\\/2016\\\/02\\\/LSP_1063_a.jpg\",\"contentUrl\":\"https:\\\/\\\/www.itaucultural.org.br\\\/ocupacao\\\/wp-content\\\/uploads\\\/2016\\\/02\\\/LSP_1063_a.jpg\",\"width\":1087,\"height\":1569},{\"@type\":\"BreadcrumbList\",\"@id\":\"https:\\\/\\\/ocupacao.icnetworks.org\\\/ocupacao\\\/person\\\/pai-e-marido\\\/#breadcrumb\",\"itemListElement\":[{\"@type\":\"ListItem\",\"position\":1,\"name\":\"In\u00edcio\",\"item\":\"https:\\\/\\\/www.itaucultural.org.br\\\/ocupacao\\\/en\\\/\"},{\"@type\":\"ListItem\",\"position\":2,\"name\":\"Person\",\"item\":\"https:\\\/\\\/ocupacao.icnetworks.org\\\/ocupacao\\\/person\\\/\"},{\"@type\":\"ListItem\",\"position\":3,\"name\":\"Pai e marido\"}]},{\"@type\":\"WebSite\",\"@id\":\"https:\\\/\\\/www.itaucultural.org.br\\\/ocupacao\\\/en\\\/#website\",\"url\":\"https:\\\/\\\/www.itaucultural.org.br\\\/ocupacao\\\/en\\\/\",\"name\":\"Ocupa\u00e7\u00e3o\",\"description\":\"S\u00f3 mais um site WordPress\",\"potentialAction\":[{\"@type\":\"SearchAction\",\"target\":{\"@type\":\"EntryPoint\",\"urlTemplate\":\"https:\\\/\\\/www.itaucultural.org.br\\\/ocupacao\\\/en\\\/?s={search_term_string}\"},\"query-input\":{\"@type\":\"PropertyValueSpecification\",\"valueRequired\":true,\"valueName\":\"search_term_string\"}}],\"inLanguage\":\"pt-BR\"}]}<\/script>\n<!-- \/ Yoast SEO plugin. -->","yoast_head_json":{"title":"Pai e marido - Ocupa\u00e7\u00e3o","robots":{"index":"index","follow":"follow","max-snippet":"max-snippet:-1","max-image-preview":"max-image-preview:large","max-video-preview":"max-video-preview:-1"},"canonical":"https:\/\/ocupacao.icnetworks.org\/ocupacao\/person\/pai-e-marido\/","og_locale":"pt_BR","og_type":"article","og_title":"Pai e marido - Ocupa\u00e7\u00e3o","og_url":"https:\/\/ocupacao.icnetworks.org\/ocupacao\/person\/pai-e-marido\/","og_site_name":"Ocupa\u00e7\u00e3o","article_modified_time":"2020-11-10T15:18:46+00:00","og_image":[{"width":1087,"height":1569,"url":"https:\/\/ocupacao.icnetworks.org\/ocupacao\/wp-content\/uploads\/2016\/02\/LSP_1063_a.jpg","type":"image\/jpeg"}],"twitter_card":"summary_large_image","schema":{"@context":"https:\/\/schema.org","@graph":[{"@type":"WebPage","@id":"https:\/\/ocupacao.icnetworks.org\/ocupacao\/person\/pai-e-marido\/","url":"https:\/\/ocupacao.icnetworks.org\/ocupacao\/person\/pai-e-marido\/","name":"Pai e marido - Ocupa\u00e7\u00e3o","isPartOf":{"@id":"https:\/\/www.itaucultural.org.br\/ocupacao\/en\/#website"},"primaryImageOfPage":{"@id":"https:\/\/ocupacao.icnetworks.org\/ocupacao\/person\/pai-e-marido\/#primaryimage"},"image":{"@id":"https:\/\/ocupacao.icnetworks.org\/ocupacao\/person\/pai-e-marido\/#primaryimage"},"thumbnailUrl":"https:\/\/www.itaucultural.org.br\/ocupacao\/wp-content\/uploads\/2016\/02\/LSP_1063_a.jpg","datePublished":"2016-08-19T22:33:44+00:00","dateModified":"2020-11-10T15:18:46+00:00","breadcrumb":{"@id":"https:\/\/ocupacao.icnetworks.org\/ocupacao\/person\/pai-e-marido\/#breadcrumb"},"inLanguage":"pt-BR","potentialAction":[{"@type":"ReadAction","target":["https:\/\/ocupacao.icnetworks.org\/ocupacao\/person\/pai-e-marido\/"]}]},{"@type":"ImageObject","inLanguage":"pt-BR","@id":"https:\/\/ocupacao.icnetworks.org\/ocupacao\/person\/pai-e-marido\/#primaryimage","url":"https:\/\/www.itaucultural.org.br\/ocupacao\/wp-content\/uploads\/2016\/02\/LSP_1063_a.jpg","contentUrl":"https:\/\/www.itaucultural.org.br\/ocupacao\/wp-content\/uploads\/2016\/02\/LSP_1063_a.jpg","width":1087,"height":1569},{"@type":"BreadcrumbList","@id":"https:\/\/ocupacao.icnetworks.org\/ocupacao\/person\/pai-e-marido\/#breadcrumb","itemListElement":[{"@type":"ListItem","position":1,"name":"In\u00edcio","item":"https:\/\/www.itaucultural.org.br\/ocupacao\/en\/"},{"@type":"ListItem","position":2,"name":"Person","item":"https:\/\/ocupacao.icnetworks.org\/ocupacao\/person\/"},{"@type":"ListItem","position":3,"name":"Pai e marido"}]},{"@type":"WebSite","@id":"https:\/\/www.itaucultural.org.br\/ocupacao\/en\/#website","url":"https:\/\/www.itaucultural.org.br\/ocupacao\/en\/","name":"Ocupa\u00e7\u00e3o","description":"S\u00f3 mais um site WordPress","potentialAction":[{"@type":"SearchAction","target":{"@type":"EntryPoint","urlTemplate":"https:\/\/www.itaucultural.org.br\/ocupacao\/en\/?s={search_term_string}"},"query-input":{"@type":"PropertyValueSpecification","valueRequired":true,"valueName":"search_term_string"}}],"inLanguage":"pt-BR"}]}},"_links":{"self":[{"href":"https:\/\/www.itaucultural.org.br\/ocupacao\/wp-json\/wp\/v2\/pages\/6768","targetHints":{"allow":["GET"]}}],"collection":[{"href":"https:\/\/www.itaucultural.org.br\/ocupacao\/wp-json\/wp\/v2\/pages"}],"about":[{"href":"https:\/\/www.itaucultural.org.br\/ocupacao\/wp-json\/wp\/v2\/types\/page"}],"author":[{"embeddable":true,"href":"https:\/\/www.itaucultural.org.br\/ocupacao\/wp-json\/wp\/v2\/users\/1"}],"replies":[{"embeddable":true,"href":"https:\/\/www.itaucultural.org.br\/ocupacao\/wp-json\/wp\/v2\/comments?post=6768"}],"version-history":[{"count":2,"href":"https:\/\/www.itaucultural.org.br\/ocupacao\/wp-json\/wp\/v2\/pages\/6768\/revisions"}],"predecessor-version":[{"id":16378,"href":"https:\/\/www.itaucultural.org.br\/ocupacao\/wp-json\/wp\/v2\/pages\/6768\/revisions\/16378"}],"up":[{"embeddable":true,"href":"https:\/\/www.itaucultural.org.br\/ocupacao\/wp-json\/wp\/v2\/pages\/6730"}],"wp:featuredmedia":[{"embeddable":true,"href":"https:\/\/www.itaucultural.org.br\/ocupacao\/wp-json\/wp\/v2\/media\/6781"}],"wp:attachment":[{"href":"https:\/\/www.itaucultural.org.br\/ocupacao\/wp-json\/wp\/v2\/media?parent=6768"}],"curies":[{"name":"wp","href":"https:\/\/api.w.org\/{rel}","templated":true}]}}