
{"id":7675,"date":"2016-08-19T20:24:59","date_gmt":"2016-08-19T23:24:59","guid":{"rendered":"http:\/\/qa.ocupacao.itau.nuova2.com\/ocupacao\/hilda-hilst\/hh\/"},"modified":"2020-11-10T17:18:54","modified_gmt":"2020-11-10T20:18:54","slug":"hh","status":"publish","type":"page","link":"https:\/\/www.itaucultural.org.br\/ocupacao\/hilda-hilst\/hh\/","title":{"rendered":"HH"},"content":{"rendered":"","protected":false},"excerpt":{"rendered":"","protected":false},"author":1,"featured_media":7688,"parent":7671,"menu_order":0,"comment_status":"closed","ping_status":"closed","template":"","meta":{"footnotes":""},"class_list":["post-7675","page","type-page","status-publish","has-post-thumbnail","hentry","temas-poesia","areas-literatura"],"yoast_head":"<!-- This site is optimized with the Yoast SEO plugin v27.3 - https:\/\/yoast.com\/product\/yoast-seo-wordpress\/ -->\n<title>HH - Ocupa\u00e7\u00e3o<\/title>\n<meta name=\"robots\" content=\"index, follow, max-snippet:-1, max-image-preview:large, max-video-preview:-1\" \/>\n<link rel=\"canonical\" href=\"https:\/\/www.itaucultural.org.br\/ocupacao\/hilda-hilst\/hh\/\" \/>\n<meta property=\"og:locale\" content=\"pt_BR\" \/>\n<meta property=\"og:type\" content=\"article\" \/>\n<meta property=\"og:title\" content=\"HH - Ocupa\u00e7\u00e3o\" \/>\n<meta property=\"og:url\" content=\"https:\/\/www.itaucultural.org.br\/ocupacao\/hilda-hilst\/hh\/\" \/>\n<meta property=\"og:site_name\" content=\"Ocupa\u00e7\u00e3o\" \/>\n<meta property=\"article:modified_time\" content=\"2020-11-10T20:18:54+00:00\" \/>\n<meta property=\"og:image\" content=\"https:\/\/www.itaucultural.org.br\/ocupacao\/wp-content\/uploads\/2015\/02\/Imagem_30.jpg\" \/>\n\t<meta property=\"og:image:width\" content=\"2814\" \/>\n\t<meta property=\"og:image:height\" content=\"1800\" \/>\n\t<meta property=\"og:image:type\" content=\"image\/jpeg\" \/>\n<meta name=\"twitter:card\" content=\"summary_large_image\" \/>\n<script type=\"application\/ld+json\" class=\"yoast-schema-graph\">{\"@context\":\"https:\\\/\\\/schema.org\",\"@graph\":[{\"@type\":\"WebPage\",\"@id\":\"https:\\\/\\\/www.itaucultural.org.br\\\/ocupacao\\\/hilda-hilst\\\/hh\\\/\",\"url\":\"https:\\\/\\\/www.itaucultural.org.br\\\/ocupacao\\\/hilda-hilst\\\/hh\\\/\",\"name\":\"HH - Ocupa\u00e7\u00e3o\",\"isPartOf\":{\"@id\":\"https:\\\/\\\/www.itaucultural.org.br\\\/ocupacao\\\/en\\\/#website\"},\"primaryImageOfPage\":{\"@id\":\"https:\\\/\\\/www.itaucultural.org.br\\\/ocupacao\\\/hilda-hilst\\\/hh\\\/#primaryimage\"},\"image\":{\"@id\":\"https:\\\/\\\/www.itaucultural.org.br\\\/ocupacao\\\/hilda-hilst\\\/hh\\\/#primaryimage\"},\"thumbnailUrl\":\"https:\\\/\\\/www.itaucultural.org.br\\\/ocupacao\\\/wp-content\\\/uploads\\\/2015\\\/02\\\/Imagem_30.jpg\",\"datePublished\":\"2016-08-19T23:24:59+00:00\",\"dateModified\":\"2020-11-10T20:18:54+00:00\",\"breadcrumb\":{\"@id\":\"https:\\\/\\\/www.itaucultural.org.br\\\/ocupacao\\\/hilda-hilst\\\/hh\\\/#breadcrumb\"},\"inLanguage\":\"pt-BR\",\"potentialAction\":[{\"@type\":\"ReadAction\",\"target\":[\"https:\\\/\\\/www.itaucultural.org.br\\\/ocupacao\\\/hilda-hilst\\\/hh\\\/\"]}]},{\"@type\":\"ImageObject\",\"inLanguage\":\"pt-BR\",\"@id\":\"https:\\\/\\\/www.itaucultural.org.br\\\/ocupacao\\\/hilda-hilst\\\/hh\\\/#primaryimage\",\"url\":\"https:\\\/\\\/www.itaucultural.org.br\\\/ocupacao\\\/wp-content\\\/uploads\\\/2015\\\/02\\\/Imagem_30.jpg\",\"contentUrl\":\"https:\\\/\\\/www.itaucultural.org.br\\\/ocupacao\\\/wp-content\\\/uploads\\\/2015\\\/02\\\/Imagem_30.jpg\",\"width\":2814,\"height\":1800},{\"@type\":\"BreadcrumbList\",\"@id\":\"https:\\\/\\\/www.itaucultural.org.br\\\/ocupacao\\\/hilda-hilst\\\/hh\\\/#breadcrumb\",\"itemListElement\":[{\"@type\":\"ListItem\",\"position\":1,\"name\":\"In\u00edcio\",\"item\":\"https:\\\/\\\/www.itaucultural.org.br\\\/ocupacao\\\/en\\\/\"},{\"@type\":\"ListItem\",\"position\":2,\"name\":\"Hilda Hilst\",\"item\":\"https:\\\/\\\/www.itaucultural.org.br\\\/ocupacao\\\/hilda-hilst\\\/\"},{\"@type\":\"ListItem\",\"position\":3,\"name\":\"HH\"}]},{\"@type\":\"WebSite\",\"@id\":\"https:\\\/\\\/www.itaucultural.org.br\\\/ocupacao\\\/en\\\/#website\",\"url\":\"https:\\\/\\\/www.itaucultural.org.br\\\/ocupacao\\\/en\\\/\",\"name\":\"Ocupa\u00e7\u00e3o\",\"description\":\"S\u00f3 mais um site WordPress\",\"potentialAction\":[{\"@type\":\"SearchAction\",\"target\":{\"@type\":\"EntryPoint\",\"urlTemplate\":\"https:\\\/\\\/www.itaucultural.org.br\\\/ocupacao\\\/en\\\/?s={search_term_string}\"},\"query-input\":{\"@type\":\"PropertyValueSpecification\",\"valueRequired\":true,\"valueName\":\"search_term_string\"}}],\"inLanguage\":\"pt-BR\"}]}<\/script>\n<!-- \/ Yoast SEO plugin. -->","yoast_head_json":{"title":"HH - Ocupa\u00e7\u00e3o","robots":{"index":"index","follow":"follow","max-snippet":"max-snippet:-1","max-image-preview":"max-image-preview:large","max-video-preview":"max-video-preview:-1"},"canonical":"https:\/\/www.itaucultural.org.br\/ocupacao\/hilda-hilst\/hh\/","og_locale":"pt_BR","og_type":"article","og_title":"HH - Ocupa\u00e7\u00e3o","og_url":"https:\/\/www.itaucultural.org.br\/ocupacao\/hilda-hilst\/hh\/","og_site_name":"Ocupa\u00e7\u00e3o","article_modified_time":"2020-11-10T20:18:54+00:00","og_image":[{"width":2814,"height":1800,"url":"https:\/\/www.itaucultural.org.br\/ocupacao\/wp-content\/uploads\/2015\/02\/Imagem_30.jpg","type":"image\/jpeg"}],"twitter_card":"summary_large_image","schema":{"@context":"https:\/\/schema.org","@graph":[{"@type":"WebPage","@id":"https:\/\/www.itaucultural.org.br\/ocupacao\/hilda-hilst\/hh\/","url":"https:\/\/www.itaucultural.org.br\/ocupacao\/hilda-hilst\/hh\/","name":"HH - Ocupa\u00e7\u00e3o","isPartOf":{"@id":"https:\/\/www.itaucultural.org.br\/ocupacao\/en\/#website"},"primaryImageOfPage":{"@id":"https:\/\/www.itaucultural.org.br\/ocupacao\/hilda-hilst\/hh\/#primaryimage"},"image":{"@id":"https:\/\/www.itaucultural.org.br\/ocupacao\/hilda-hilst\/hh\/#primaryimage"},"thumbnailUrl":"https:\/\/www.itaucultural.org.br\/ocupacao\/wp-content\/uploads\/2015\/02\/Imagem_30.jpg","datePublished":"2016-08-19T23:24:59+00:00","dateModified":"2020-11-10T20:18:54+00:00","breadcrumb":{"@id":"https:\/\/www.itaucultural.org.br\/ocupacao\/hilda-hilst\/hh\/#breadcrumb"},"inLanguage":"pt-BR","potentialAction":[{"@type":"ReadAction","target":["https:\/\/www.itaucultural.org.br\/ocupacao\/hilda-hilst\/hh\/"]}]},{"@type":"ImageObject","inLanguage":"pt-BR","@id":"https:\/\/www.itaucultural.org.br\/ocupacao\/hilda-hilst\/hh\/#primaryimage","url":"https:\/\/www.itaucultural.org.br\/ocupacao\/wp-content\/uploads\/2015\/02\/Imagem_30.jpg","contentUrl":"https:\/\/www.itaucultural.org.br\/ocupacao\/wp-content\/uploads\/2015\/02\/Imagem_30.jpg","width":2814,"height":1800},{"@type":"BreadcrumbList","@id":"https:\/\/www.itaucultural.org.br\/ocupacao\/hilda-hilst\/hh\/#breadcrumb","itemListElement":[{"@type":"ListItem","position":1,"name":"In\u00edcio","item":"https:\/\/www.itaucultural.org.br\/ocupacao\/en\/"},{"@type":"ListItem","position":2,"name":"Hilda Hilst","item":"https:\/\/www.itaucultural.org.br\/ocupacao\/hilda-hilst\/"},{"@type":"ListItem","position":3,"name":"HH"}]},{"@type":"WebSite","@id":"https:\/\/www.itaucultural.org.br\/ocupacao\/en\/#website","url":"https:\/\/www.itaucultural.org.br\/ocupacao\/en\/","name":"Ocupa\u00e7\u00e3o","description":"S\u00f3 mais um site WordPress","potentialAction":[{"@type":"SearchAction","target":{"@type":"EntryPoint","urlTemplate":"https:\/\/www.itaucultural.org.br\/ocupacao\/en\/?s={search_term_string}"},"query-input":{"@type":"PropertyValueSpecification","valueRequired":true,"valueName":"search_term_string"}}],"inLanguage":"pt-BR"}]}},"_links":{"self":[{"href":"https:\/\/www.itaucultural.org.br\/ocupacao\/wp-json\/wp\/v2\/pages\/7675","targetHints":{"allow":["GET"]}}],"collection":[{"href":"https:\/\/www.itaucultural.org.br\/ocupacao\/wp-json\/wp\/v2\/pages"}],"about":[{"href":"https:\/\/www.itaucultural.org.br\/ocupacao\/wp-json\/wp\/v2\/types\/page"}],"author":[{"embeddable":true,"href":"https:\/\/www.itaucultural.org.br\/ocupacao\/wp-json\/wp\/v2\/users\/1"}],"replies":[{"embeddable":true,"href":"https:\/\/www.itaucultural.org.br\/ocupacao\/wp-json\/wp\/v2\/comments?post=7675"}],"version-history":[{"count":4,"href":"https:\/\/www.itaucultural.org.br\/ocupacao\/wp-json\/wp\/v2\/pages\/7675\/revisions"}],"predecessor-version":[{"id":16467,"href":"https:\/\/www.itaucultural.org.br\/ocupacao\/wp-json\/wp\/v2\/pages\/7675\/revisions\/16467"}],"up":[{"embeddable":true,"href":"https:\/\/www.itaucultural.org.br\/ocupacao\/wp-json\/wp\/v2\/pages\/7671"}],"wp:featuredmedia":[{"embeddable":true,"href":"https:\/\/www.itaucultural.org.br\/ocupacao\/wp-json\/wp\/v2\/media\/7688"}],"wp:attachment":[{"href":"https:\/\/www.itaucultural.org.br\/ocupacao\/wp-json\/wp\/v2\/media?parent=7675"}],"curies":[{"name":"wp","href":"https:\/\/api.w.org\/{rel}","templated":true}]}}