
{"id":9328,"date":"2016-08-19T22:19:05","date_gmt":"2016-08-20T01:19:05","guid":{"rendered":"http:\/\/qa.ocupacao.itau.nuova2.com\/ocupacao\/nelson-rodrigues\/tristeza-vital\/"},"modified":"2021-12-16T16:57:52","modified_gmt":"2021-12-16T19:57:52","slug":"tristeza-vital","status":"publish","type":"page","link":"https:\/\/www.itaucultural.org.br\/ocupacao\/nelson-rodrigues\/tristeza-vital\/","title":{"rendered":"Tristeza Vital"},"content":{"rendered":"","protected":false},"excerpt":{"rendered":"","protected":false},"author":1,"featured_media":9332,"parent":9285,"menu_order":7,"comment_status":"closed","ping_status":"closed","template":"","meta":{"footnotes":""},"class_list":["post-9328","page","type-page","status-publish","has-post-thumbnail","hentry","temas-poesia","areas-cinema","areas-jornalismo","areas-literatura"],"yoast_head":"<!-- This site is optimized with the Yoast SEO plugin v27.4 - https:\/\/yoast.com\/product\/yoast-seo-wordpress\/ -->\n<title>Tristeza Vital - Ocupa\u00e7\u00e3o Nelson Rodrigues<\/title>\n<meta name=\"description\" content=\"Conhe\u00e7a alguns dos contos e cr\u00f4nicas de Nelson Rodrigues, explore as semelhan\u00e7as e diferen\u00e7as entre as partes do trabalho rodriguiano.\" \/>\n<meta name=\"robots\" content=\"index, follow, max-snippet:-1, max-image-preview:large, max-video-preview:-1\" \/>\n<link rel=\"canonical\" href=\"https:\/\/ocupacao.icnetworks.org\/ocupacao\/nelson-rodrigues\/tristeza-vital\/\" \/>\n<meta property=\"og:locale\" content=\"pt_BR\" \/>\n<meta property=\"og:type\" content=\"article\" \/>\n<meta property=\"og:title\" content=\"Tristeza Vital - Ocupa\u00e7\u00e3o Nelson Rodrigues\" \/>\n<meta property=\"og:description\" content=\"Conhe\u00e7a alguns dos contos e cr\u00f4nicas de Nelson Rodrigues, explore as semelhan\u00e7as e diferen\u00e7as entre as partes do trabalho rodriguiano.\" \/>\n<meta property=\"og:url\" content=\"https:\/\/ocupacao.icnetworks.org\/ocupacao\/nelson-rodrigues\/tristeza-vital\/\" \/>\n<meta property=\"og:site_name\" content=\"Ocupa\u00e7\u00e3o\" \/>\n<meta property=\"article:modified_time\" content=\"2021-12-16T19:57:52+00:00\" \/>\n<meta property=\"og:image\" content=\"https:\/\/ocupacao.icnetworks.org\/ocupacao\/wp-content\/uploads\/2012\/10\/memorias1-e1349289432234.jpg\" \/>\n\t<meta property=\"og:image:width\" content=\"830\" \/>\n\t<meta property=\"og:image:height\" content=\"1172\" \/>\n\t<meta property=\"og:image:type\" content=\"image\/jpeg\" \/>\n<meta name=\"twitter:card\" content=\"summary_large_image\" \/>\n<script type=\"application\/ld+json\" class=\"yoast-schema-graph\">{\"@context\":\"https:\\\/\\\/schema.org\",\"@graph\":[{\"@type\":\"WebPage\",\"@id\":\"https:\\\/\\\/ocupacao.icnetworks.org\\\/ocupacao\\\/nelson-rodrigues\\\/tristeza-vital\\\/\",\"url\":\"https:\\\/\\\/ocupacao.icnetworks.org\\\/ocupacao\\\/nelson-rodrigues\\\/tristeza-vital\\\/\",\"name\":\"Tristeza Vital - Ocupa\u00e7\u00e3o Nelson Rodrigues\",\"isPartOf\":{\"@id\":\"https:\\\/\\\/www.itaucultural.org.br\\\/ocupacao\\\/en\\\/#website\"},\"primaryImageOfPage\":{\"@id\":\"https:\\\/\\\/ocupacao.icnetworks.org\\\/ocupacao\\\/nelson-rodrigues\\\/tristeza-vital\\\/#primaryimage\"},\"image\":{\"@id\":\"https:\\\/\\\/ocupacao.icnetworks.org\\\/ocupacao\\\/nelson-rodrigues\\\/tristeza-vital\\\/#primaryimage\"},\"thumbnailUrl\":\"https:\\\/\\\/www.itaucultural.org.br\\\/ocupacao\\\/wp-content\\\/uploads\\\/2012\\\/10\\\/memorias1-e1349289432234.jpg\",\"datePublished\":\"2016-08-20T01:19:05+00:00\",\"dateModified\":\"2021-12-16T19:57:52+00:00\",\"description\":\"Conhe\u00e7a alguns dos contos e cr\u00f4nicas de Nelson Rodrigues, explore as semelhan\u00e7as e diferen\u00e7as entre as partes do trabalho rodriguiano.\",\"breadcrumb\":{\"@id\":\"https:\\\/\\\/ocupacao.icnetworks.org\\\/ocupacao\\\/nelson-rodrigues\\\/tristeza-vital\\\/#breadcrumb\"},\"inLanguage\":\"pt-BR\",\"potentialAction\":[{\"@type\":\"ReadAction\",\"target\":[\"https:\\\/\\\/ocupacao.icnetworks.org\\\/ocupacao\\\/nelson-rodrigues\\\/tristeza-vital\\\/\"]}]},{\"@type\":\"ImageObject\",\"inLanguage\":\"pt-BR\",\"@id\":\"https:\\\/\\\/ocupacao.icnetworks.org\\\/ocupacao\\\/nelson-rodrigues\\\/tristeza-vital\\\/#primaryimage\",\"url\":\"https:\\\/\\\/www.itaucultural.org.br\\\/ocupacao\\\/wp-content\\\/uploads\\\/2012\\\/10\\\/memorias1-e1349289432234.jpg\",\"contentUrl\":\"https:\\\/\\\/www.itaucultural.org.br\\\/ocupacao\\\/wp-content\\\/uploads\\\/2012\\\/10\\\/memorias1-e1349289432234.jpg\",\"width\":830,\"height\":1172,\"caption\":\"Recorte do jornal Correio de Manh\u00e3, onde foi publicado o terceiro cap\u00edtulo das Mem\u00f3rias de Nelson.\"},{\"@type\":\"BreadcrumbList\",\"@id\":\"https:\\\/\\\/ocupacao.icnetworks.org\\\/ocupacao\\\/nelson-rodrigues\\\/tristeza-vital\\\/#breadcrumb\",\"itemListElement\":[{\"@type\":\"ListItem\",\"position\":1,\"name\":\"In\u00edcio\",\"item\":\"https:\\\/\\\/www.itaucultural.org.br\\\/ocupacao\\\/en\\\/\"},{\"@type\":\"ListItem\",\"position\":2,\"name\":\"Nelson Rodrigues\",\"item\":\"https:\\\/\\\/ocupacao.icnetworks.org\\\/ocupacao\\\/nelson-rodrigues\\\/\"},{\"@type\":\"ListItem\",\"position\":3,\"name\":\"Tristeza Vital\"}]},{\"@type\":\"WebSite\",\"@id\":\"https:\\\/\\\/www.itaucultural.org.br\\\/ocupacao\\\/en\\\/#website\",\"url\":\"https:\\\/\\\/www.itaucultural.org.br\\\/ocupacao\\\/en\\\/\",\"name\":\"Ocupa\u00e7\u00e3o\",\"description\":\"S\u00f3 mais um site WordPress\",\"potentialAction\":[{\"@type\":\"SearchAction\",\"target\":{\"@type\":\"EntryPoint\",\"urlTemplate\":\"https:\\\/\\\/www.itaucultural.org.br\\\/ocupacao\\\/en\\\/?s={search_term_string}\"},\"query-input\":{\"@type\":\"PropertyValueSpecification\",\"valueRequired\":true,\"valueName\":\"search_term_string\"}}],\"inLanguage\":\"pt-BR\"}]}<\/script>\n<!-- \/ Yoast SEO plugin. -->","yoast_head_json":{"title":"Tristeza Vital - Ocupa\u00e7\u00e3o Nelson Rodrigues","description":"Conhe\u00e7a alguns dos contos e cr\u00f4nicas de Nelson Rodrigues, explore as semelhan\u00e7as e diferen\u00e7as entre as partes do trabalho rodriguiano.","robots":{"index":"index","follow":"follow","max-snippet":"max-snippet:-1","max-image-preview":"max-image-preview:large","max-video-preview":"max-video-preview:-1"},"canonical":"https:\/\/ocupacao.icnetworks.org\/ocupacao\/nelson-rodrigues\/tristeza-vital\/","og_locale":"pt_BR","og_type":"article","og_title":"Tristeza Vital - Ocupa\u00e7\u00e3o Nelson Rodrigues","og_description":"Conhe\u00e7a alguns dos contos e cr\u00f4nicas de Nelson Rodrigues, explore as semelhan\u00e7as e diferen\u00e7as entre as partes do trabalho rodriguiano.","og_url":"https:\/\/ocupacao.icnetworks.org\/ocupacao\/nelson-rodrigues\/tristeza-vital\/","og_site_name":"Ocupa\u00e7\u00e3o","article_modified_time":"2021-12-16T19:57:52+00:00","og_image":[{"width":830,"height":1172,"url":"https:\/\/ocupacao.icnetworks.org\/ocupacao\/wp-content\/uploads\/2012\/10\/memorias1-e1349289432234.jpg","type":"image\/jpeg"}],"twitter_card":"summary_large_image","schema":{"@context":"https:\/\/schema.org","@graph":[{"@type":"WebPage","@id":"https:\/\/ocupacao.icnetworks.org\/ocupacao\/nelson-rodrigues\/tristeza-vital\/","url":"https:\/\/ocupacao.icnetworks.org\/ocupacao\/nelson-rodrigues\/tristeza-vital\/","name":"Tristeza Vital - Ocupa\u00e7\u00e3o Nelson Rodrigues","isPartOf":{"@id":"https:\/\/www.itaucultural.org.br\/ocupacao\/en\/#website"},"primaryImageOfPage":{"@id":"https:\/\/ocupacao.icnetworks.org\/ocupacao\/nelson-rodrigues\/tristeza-vital\/#primaryimage"},"image":{"@id":"https:\/\/ocupacao.icnetworks.org\/ocupacao\/nelson-rodrigues\/tristeza-vital\/#primaryimage"},"thumbnailUrl":"https:\/\/www.itaucultural.org.br\/ocupacao\/wp-content\/uploads\/2012\/10\/memorias1-e1349289432234.jpg","datePublished":"2016-08-20T01:19:05+00:00","dateModified":"2021-12-16T19:57:52+00:00","description":"Conhe\u00e7a alguns dos contos e cr\u00f4nicas de Nelson Rodrigues, explore as semelhan\u00e7as e diferen\u00e7as entre as partes do trabalho rodriguiano.","breadcrumb":{"@id":"https:\/\/ocupacao.icnetworks.org\/ocupacao\/nelson-rodrigues\/tristeza-vital\/#breadcrumb"},"inLanguage":"pt-BR","potentialAction":[{"@type":"ReadAction","target":["https:\/\/ocupacao.icnetworks.org\/ocupacao\/nelson-rodrigues\/tristeza-vital\/"]}]},{"@type":"ImageObject","inLanguage":"pt-BR","@id":"https:\/\/ocupacao.icnetworks.org\/ocupacao\/nelson-rodrigues\/tristeza-vital\/#primaryimage","url":"https:\/\/www.itaucultural.org.br\/ocupacao\/wp-content\/uploads\/2012\/10\/memorias1-e1349289432234.jpg","contentUrl":"https:\/\/www.itaucultural.org.br\/ocupacao\/wp-content\/uploads\/2012\/10\/memorias1-e1349289432234.jpg","width":830,"height":1172,"caption":"Recorte do jornal Correio de Manh\u00e3, onde foi publicado o terceiro cap\u00edtulo das Mem\u00f3rias de Nelson."},{"@type":"BreadcrumbList","@id":"https:\/\/ocupacao.icnetworks.org\/ocupacao\/nelson-rodrigues\/tristeza-vital\/#breadcrumb","itemListElement":[{"@type":"ListItem","position":1,"name":"In\u00edcio","item":"https:\/\/www.itaucultural.org.br\/ocupacao\/en\/"},{"@type":"ListItem","position":2,"name":"Nelson Rodrigues","item":"https:\/\/ocupacao.icnetworks.org\/ocupacao\/nelson-rodrigues\/"},{"@type":"ListItem","position":3,"name":"Tristeza Vital"}]},{"@type":"WebSite","@id":"https:\/\/www.itaucultural.org.br\/ocupacao\/en\/#website","url":"https:\/\/www.itaucultural.org.br\/ocupacao\/en\/","name":"Ocupa\u00e7\u00e3o","description":"S\u00f3 mais um site WordPress","potentialAction":[{"@type":"SearchAction","target":{"@type":"EntryPoint","urlTemplate":"https:\/\/www.itaucultural.org.br\/ocupacao\/en\/?s={search_term_string}"},"query-input":{"@type":"PropertyValueSpecification","valueRequired":true,"valueName":"search_term_string"}}],"inLanguage":"pt-BR"}]}},"_links":{"self":[{"href":"https:\/\/www.itaucultural.org.br\/ocupacao\/wp-json\/wp\/v2\/pages\/9328","targetHints":{"allow":["GET"]}}],"collection":[{"href":"https:\/\/www.itaucultural.org.br\/ocupacao\/wp-json\/wp\/v2\/pages"}],"about":[{"href":"https:\/\/www.itaucultural.org.br\/ocupacao\/wp-json\/wp\/v2\/types\/page"}],"author":[{"embeddable":true,"href":"https:\/\/www.itaucultural.org.br\/ocupacao\/wp-json\/wp\/v2\/users\/1"}],"replies":[{"embeddable":true,"href":"https:\/\/www.itaucultural.org.br\/ocupacao\/wp-json\/wp\/v2\/comments?post=9328"}],"version-history":[{"count":1,"href":"https:\/\/www.itaucultural.org.br\/ocupacao\/wp-json\/wp\/v2\/pages\/9328\/revisions"}],"predecessor-version":[{"id":16136,"href":"https:\/\/www.itaucultural.org.br\/ocupacao\/wp-json\/wp\/v2\/pages\/9328\/revisions\/16136"}],"up":[{"embeddable":true,"href":"https:\/\/www.itaucultural.org.br\/ocupacao\/wp-json\/wp\/v2\/pages\/9285"}],"wp:featuredmedia":[{"embeddable":true,"href":"https:\/\/www.itaucultural.org.br\/ocupacao\/wp-json\/wp\/v2\/media\/9332"}],"wp:attachment":[{"href":"https:\/\/www.itaucultural.org.br\/ocupacao\/wp-json\/wp\/v2\/media?parent=9328"}],"curies":[{"name":"wp","href":"https:\/\/api.w.org\/{rel}","templated":true}]}}